{"id":757,"date":"2024-10-16T12:08:31","date_gmt":"2024-10-16T09:08:31","guid":{"rendered":"http:\/\/lindaorganica.com\/?post_type=product&#038;p=757"},"modified":"2025-05-19T04:10:05","modified_gmt":"2025-05-19T01:10:05","slug":"desodorante-piedra-de-alumbre-60-gr-211-oz","status":"publish","type":"product","link":"https:\/\/lindaorganica.com\/en\/product\/desodorante-piedra-de-alumbre-60-gr-211-oz\/","title":{"rendered":"Desodorante Piedra de Alumbre 60 gr (2,11 oz)"},"content":{"rendered":"<p>Te traemos el mineral tal y como se extrae de la naturaleza, sometido \u00fanicamente a un proceso de pulido manual para que resulte m\u00e1s c\u00f3modo a la hora de su utilizaci\u00f3n. El Alumbre es un mineral natural compuesto a base Alumbre Pot\u00e1sico. La piedra de alumbre es un mineral que act\u00faa de manera muy eficaz como desodorante. En lugar de enmascarar el olor con perfume, destruye las bacterias que descomponen el sudor y causan el mal olor. Al erradicar el problema del mal olor, su efecto es duradero, dej\u00e1ndose sentir durante varias horas.<br \/>\n<br \/>\n\u00bfC\u00f3mo funciona?<br \/>\nEl Desodorante de Piedra de Alumbre crea una pel\u00edcula transparente que act\u00faa directamente como bloqueador del mal olor, asimismo evita la formaci\u00f3n de las bacterias que regularmente provocan el peculiar olor a sudor. As\u00ed permite que la piel transpire y no se da\u00f1e como con los qu\u00edmicos.<br \/>\n<br \/>\nModo de uso<br \/>\nLavar y secar el desodorante en cada utilizaci\u00f3n. Es imprescindible que el desodorante est\u00e9 mojado para aplicarlo en la zona deseada. Se puede utilizar despu\u00e9s del afeitado o depilaci\u00f3n para calmar la irritaci\u00f3n.<br \/>\n<br \/>\nAdvertencias<br \/>\nSe trata de un producto 100% natural. Sin alcohol, no irrita, incoloro, no mancha la piel ni la ropa, inodoro, no contiene perfumes, hipoalerg\u00e9nico. Larga duraci\u00f3n, si se trata adecuadamente, lav\u00e1ndolo y sec\u00e1ndolo tras su uso puede durar de 1 a 2 a\u00f1os. No testado en animales.<\/p>\n","protected":false},"excerpt":{"rendered":"<p>Te traemos el mineral tal y como se extrae de la naturaleza, sometido \u00fanicamente a un proceso de pulido manual para que resulte m\u00e1s c\u00f3modo&#8230;<\/p>\n","protected":false},"featured_media":763,"template":"","meta":[],"product_brand":[],"product_cat":[16],"product_tag":[],"class_list":{"0":"post-757","1":"product","2":"type-product","3":"status-publish","4":"has-post-thumbnail","6":"product_cat-showroom","8":"first","9":"instock","10":"taxable","11":"shipping-taxable","12":"purchasable","13":"product-type-simple"},"translation":{"provider":"WPGlobus","version":"3.0.0","language":"en","enabled_languages":["es","en"],"languages":{"es":{"title":true,"content":true,"excerpt":false},"en":{"title":false,"content":false,"excerpt":false}}},"acf":[],"_links":{"self":[{"href":"https:\/\/lindaorganica.com\/en\/wp-json\/wp\/v2\/product\/757","targetHints":{"allow":["GET"]}}],"collection":[{"href":"https:\/\/lindaorganica.com\/en\/wp-json\/wp\/v2\/product"}],"about":[{"href":"https:\/\/lindaorganica.com\/en\/wp-json\/wp\/v2\/types\/product"}],"wp:featuredmedia":[{"embeddable":true,"href":"https:\/\/lindaorganica.com\/en\/wp-json\/wp\/v2\/media\/763"}],"wp:attachment":[{"href":"https:\/\/lindaorganica.com\/en\/wp-json\/wp\/v2\/media?parent=757"}],"wp:term":[{"taxonomy":"product_brand","embeddable":true,"href":"https:\/\/lindaorganica.com\/en\/wp-json\/wp\/v2\/product_brand?post=757"},{"taxonomy":"product_cat","embeddable":true,"href":"https:\/\/lindaorganica.com\/en\/wp-json\/wp\/v2\/product_cat?post=757"},{"taxonomy":"product_tag","embeddable":true,"href":"https:\/\/lindaorganica.com\/en\/wp-json\/wp\/v2\/product_tag?post=757"}],"curies":[{"name":"wp","href":"https:\/\/api.w.org\/{rel}","templated":true}]}}