{"id":574,"date":"2024-08-06T18:06:47","date_gmt":"2024-08-06T15:06:47","guid":{"rendered":"http:\/\/lindaorganica.com\/?post_type=product&#038;p=574"},"modified":"2025-05-13T17:39:28","modified_gmt":"2025-05-13T14:39:28","slug":"organic-mimi-champu-exfoliante-super-volumen-sal-marina-y-morera","status":"publish","type":"product","link":"https:\/\/lindaorganica.com\/en\/product\/organic-mimi-champu-exfoliante-super-volumen-sal-marina-y-morera\/","title":{"rendered":"Organic MiMi Champu Exfoliante Super Volumen Sal Marina y Morera"},"content":{"rendered":"<p>Champ\u00fa exfoliante a base de sal marina y enriquecido con extracto de morera y aceite de coco ecol\u00f3gico. Este producto multifuncional proporciona un cuidado de la ra\u00edz a las puntas: promueve un cuero cabelludo sano mientras que los ingredientes naturales ayudan a fortalecer el cabello da\u00f1ado. Mantiene la sensaci\u00f3n de pureza y frescura durante mucho tiempo, aporta al cabello volumen y brillo extra.<br \/>\n280 g<\/p>\n<p>ACTIVOS<br \/>\nLa sal marina limpia en profundidad el cuero cabelludo, previene la caspa y aporta al cabello un volumen extra.<\/p>\n<p>El Aceite de Coco Ecol\u00f3gico hidrata eficazmente el cabello, repara las puntas abiertas, elimina la sequedad del cabello y del cuero cabelludo, previene la caspa, hace que el cabello sea manejable y brillante.<\/p>\n<p>El Extracto de Morera protege el cabello de los efectos nocivos del medio ambiente.<\/p>\n<p>Vegano, sin parabenos, aceites minerales ni colorantes. Nunca testado en animales.<br \/>\nINGREDIENTES<br \/>\nSal marina, agua, sulfato de sodio laureth, glicerina, laureth-5 carboxilato de sodio, gluc\u00f3sido de coco, PEG-7 gliceril cocoato, PEG-200 gliceril palmato hidrogenado, aceite de Cocos Nucifera*, extracto de hoja de Morus Nigra, cloruro de cetrimonio, alcohol benc\u00edlico, perfume, limoneno, hexil cinamal, salicilato de bencilo, CI 42090.<\/p>\n<p>*- ingredientes procedentes de la agricultura ecol\u00f3gica<\/p>\n","protected":false},"excerpt":{"rendered":"<p>Champ\u00fa exfoliante a base de sal marina y enriquecido con extracto de morera y aceite de coco ecol\u00f3gico. Este producto multifuncional proporciona un cuidado de&#8230;<\/p>\n","protected":false},"featured_media":590,"template":"","meta":[],"product_brand":[],"product_cat":[16,24,48],"product_tag":[],"class_list":{"0":"post-574","1":"product","2":"type-product","3":"status-publish","4":"has-post-thumbnail","6":"product_cat-showroom","7":"product_cat-organic-mimi","8":"product_cat-shampoo-scrub","10":"first","11":"instock","12":"taxable","13":"shipping-taxable","14":"purchasable","15":"product-type-simple"},"translation":{"provider":"WPGlobus","version":"3.0.0","language":"en","enabled_languages":["es","en"],"languages":{"es":{"title":true,"content":true,"excerpt":false},"en":{"title":false,"content":false,"excerpt":false}}},"acf":[],"_links":{"self":[{"href":"https:\/\/lindaorganica.com\/en\/wp-json\/wp\/v2\/product\/574","targetHints":{"allow":["GET"]}}],"collection":[{"href":"https:\/\/lindaorganica.com\/en\/wp-json\/wp\/v2\/product"}],"about":[{"href":"https:\/\/lindaorganica.com\/en\/wp-json\/wp\/v2\/types\/product"}],"wp:featuredmedia":[{"embeddable":true,"href":"https:\/\/lindaorganica.com\/en\/wp-json\/wp\/v2\/media\/590"}],"wp:attachment":[{"href":"https:\/\/lindaorganica.com\/en\/wp-json\/wp\/v2\/media?parent=574"}],"wp:term":[{"taxonomy":"product_brand","embeddable":true,"href":"https:\/\/lindaorganica.com\/en\/wp-json\/wp\/v2\/product_brand?post=574"},{"taxonomy":"product_cat","embeddable":true,"href":"https:\/\/lindaorganica.com\/en\/wp-json\/wp\/v2\/product_cat?post=574"},{"taxonomy":"product_tag","embeddable":true,"href":"https:\/\/lindaorganica.com\/en\/wp-json\/wp\/v2\/product_tag?post=574"}],"curies":[{"name":"wp","href":"https:\/\/api.w.org\/{rel}","templated":true}]}}