{"id":573,"date":"2024-08-06T18:05:09","date_gmt":"2024-08-06T15:05:09","guid":{"rendered":"http:\/\/lindaorganica.com\/?post_type=product&#038;p=573"},"modified":"2025-05-09T04:19:18","modified_gmt":"2025-05-09T01:19:18","slug":"organic-mimi-champu-exfoliante-strenght-restore-sal-marina-y-jengibre","status":"publish","type":"product","link":"https:\/\/lindaorganica.com\/en\/product\/organic-mimi-champu-exfoliante-strenght-restore-sal-marina-y-jengibre\/","title":{"rendered":"Organic MiMi Champu Exfoliante Strenght &#038; Restore Sal Marina y Jengibre"},"content":{"rendered":"<p>Champ\u00fa exfoliante a base de sal marina y enriquecido con extracto de jengibre y manteca de karit\u00e9 org\u00e1nica. Este producto multifuncional proporciona un cuidado de la ra\u00edz a las puntas: promueve un cuero cabelludo sano mientras que los ingredientes naturales aportan al cabello hidrataci\u00f3n y brillo. Mantiene la sensaci\u00f3n de limpieza y frescor, fortalece y restaura el cabello debilitado y da\u00f1ado.<br \/>\n280 g<\/p>\n<p>ACTIVOS<br \/>\nLa Sal Marina limpia en profundidad el cuero cabelludo, previene la caspa y aporta al cabello un volumen extra<\/p>\n<p>La manteca de karit\u00e9 org\u00e1nica nutre e hidrata el cabello, repara las puntas abiertas, fortalece los fol\u00edculos pilosos y aporta brillo y vitalidad<\/p>\n<p>El extracto de jengibre estimula la microcirculaci\u00f3n en el cuero cabelludo y fortalece los fol\u00edculos pilosos<br \/>\nVegano, sin parabenos, aceites minerales ni colorantes. Nunca testado en animales.<br \/>\nINGREDIENTES<br \/>\nSal marina, agua, sulfato de sodio laureth, glicerina, carboxilato de sodio laureth-5, gluc\u00f3sido de coco, cocoato de glicerilo PEG-7, palmato de glicerilo hidrogenado PEG-200, mantequilla Butyrospermum Parkii*, extracto de Zingiber Officinale, cloruro de cetrimonio, alcohol benc\u00edlico, perfume, limoneno, linalol, hexil cinamal, salicilato de bencilo, CI 19140.<\/p>\n<p>*- ingredientes procedentes de la agricultura ecol\u00f3gica<\/p>\n","protected":false},"excerpt":{"rendered":"<p>Champ\u00fa exfoliante a base de sal marina y enriquecido con extracto de jengibre y manteca de karit\u00e9 org\u00e1nica. Este producto multifuncional proporciona un cuidado de&#8230;<\/p>\n","protected":false},"featured_media":577,"template":"","meta":[],"product_brand":[],"product_cat":[16,24,48],"product_tag":[],"class_list":{"0":"post-573","1":"product","2":"type-product","3":"status-publish","4":"has-post-thumbnail","6":"product_cat-showroom","7":"product_cat-organic-mimi","8":"product_cat-shampoo-scrub","10":"first","11":"instock","12":"taxable","13":"shipping-taxable","14":"purchasable","15":"product-type-simple"},"translation":{"provider":"WPGlobus","version":"3.0.0","language":"en","enabled_languages":["es","en"],"languages":{"es":{"title":true,"content":true,"excerpt":false},"en":{"title":false,"content":false,"excerpt":false}}},"acf":[],"_links":{"self":[{"href":"https:\/\/lindaorganica.com\/en\/wp-json\/wp\/v2\/product\/573","targetHints":{"allow":["GET"]}}],"collection":[{"href":"https:\/\/lindaorganica.com\/en\/wp-json\/wp\/v2\/product"}],"about":[{"href":"https:\/\/lindaorganica.com\/en\/wp-json\/wp\/v2\/types\/product"}],"wp:featuredmedia":[{"embeddable":true,"href":"https:\/\/lindaorganica.com\/en\/wp-json\/wp\/v2\/media\/577"}],"wp:attachment":[{"href":"https:\/\/lindaorganica.com\/en\/wp-json\/wp\/v2\/media?parent=573"}],"wp:term":[{"taxonomy":"product_brand","embeddable":true,"href":"https:\/\/lindaorganica.com\/en\/wp-json\/wp\/v2\/product_brand?post=573"},{"taxonomy":"product_cat","embeddable":true,"href":"https:\/\/lindaorganica.com\/en\/wp-json\/wp\/v2\/product_cat?post=573"},{"taxonomy":"product_tag","embeddable":true,"href":"https:\/\/lindaorganica.com\/en\/wp-json\/wp\/v2\/product_tag?post=573"}],"curies":[{"name":"wp","href":"https:\/\/api.w.org\/{rel}","templated":true}]}}