{"id":572,"date":"2024-08-06T18:03:40","date_gmt":"2024-08-06T15:03:40","guid":{"rendered":"http:\/\/lindaorganica.com\/?post_type=product&#038;p=572"},"modified":"2025-05-09T04:22:38","modified_gmt":"2025-05-09T01:22:38","slug":"organic-mimi-champu-exfoliante-todo-en-uno-sal-marina-y-menta","status":"publish","type":"product","link":"https:\/\/lindaorganica.com\/en\/product\/organic-mimi-champu-exfoliante-todo-en-uno-sal-marina-y-menta\/","title":{"rendered":"Organic MiMi Champu Exfoliante Todo En Uno Sal Marina y Menta"},"content":{"rendered":"<p>Un champ\u00fa exfoliante con sal marina enriquecido con aceite de jojoba y menta piperita org\u00e1nica. Este producto multifuncional cuida el cabello de la ra\u00edz a las puntas: favorece la salud del cuero cabelludo, estimula el crecimiento del cabello y sus ingredientes naturales le aportan brillo y lustre naturales. Mantiene el cabello limpio y fresco.<br \/>\n280 g<\/p>\n<p>ACTIVOS<br \/>\nLa sal marina limpia en profundidad el cuero cabelludo, previene la caspa y aporta volumen al cabello.<\/p>\n<p>El aceite de jojoba revitaliza y fortalece el cabello, estimula su crecimiento y previene su ca\u00edda.<\/p>\n<p>El extracto de menta org\u00e1nica tiene un efecto tonificante y refrescante, devolviendo al cabello su brillo y luminosidad naturales.<br \/>\nProducto vegano sin parabenos, aceites minerales ni colorantes. No testado en animales.<br \/>\nINGREDIENTES<br \/>\nSal marina, Aqua, Sulfato s\u00f3dico de laureth, Glicerina, Carboxilato s\u00f3dico de laureth-5, Coco-Glucoside, PEG-7 Glyceryl Cocoate, PEG-200 Glyceryl Palmate hidrogenado, Extracto de hoja de Mentha Piperita*, Aceite de Semilla de Simmondsia Chinensis*, Aceite de Hoja de Mentha Arvensis, Cloruro de Cetrimonio, Alcohol Benc\u00edlico, Parfum, Limoneno, Linalol, Hidroxicitronelal, CI 19140, CI 42090.<\/p>\n<p>*- ingredientes procedentes de la agricultura ecol\u00f3gica<\/p>\n","protected":false},"excerpt":{"rendered":"<p>Un champ\u00fa exfoliante con sal marina enriquecido con aceite de jojoba y menta piperita org\u00e1nica. Este producto multifuncional cuida el cabello de la ra\u00edz a&#8230;<\/p>\n","protected":false},"featured_media":576,"template":"","meta":[],"product_brand":[],"product_cat":[16,24,48],"product_tag":[],"class_list":{"0":"post-572","1":"product","2":"type-product","3":"status-publish","4":"has-post-thumbnail","6":"product_cat-showroom","7":"product_cat-organic-mimi","8":"product_cat-shampoo-scrub","10":"first","11":"instock","12":"taxable","13":"shipping-taxable","14":"purchasable","15":"product-type-simple"},"translation":{"provider":"WPGlobus","version":"3.0.0","language":"en","enabled_languages":["es","en"],"languages":{"es":{"title":true,"content":true,"excerpt":false},"en":{"title":false,"content":false,"excerpt":false}}},"acf":[],"_links":{"self":[{"href":"https:\/\/lindaorganica.com\/en\/wp-json\/wp\/v2\/product\/572","targetHints":{"allow":["GET"]}}],"collection":[{"href":"https:\/\/lindaorganica.com\/en\/wp-json\/wp\/v2\/product"}],"about":[{"href":"https:\/\/lindaorganica.com\/en\/wp-json\/wp\/v2\/types\/product"}],"wp:featuredmedia":[{"embeddable":true,"href":"https:\/\/lindaorganica.com\/en\/wp-json\/wp\/v2\/media\/576"}],"wp:attachment":[{"href":"https:\/\/lindaorganica.com\/en\/wp-json\/wp\/v2\/media?parent=572"}],"wp:term":[{"taxonomy":"product_brand","embeddable":true,"href":"https:\/\/lindaorganica.com\/en\/wp-json\/wp\/v2\/product_brand?post=572"},{"taxonomy":"product_cat","embeddable":true,"href":"https:\/\/lindaorganica.com\/en\/wp-json\/wp\/v2\/product_cat?post=572"},{"taxonomy":"product_tag","embeddable":true,"href":"https:\/\/lindaorganica.com\/en\/wp-json\/wp\/v2\/product_tag?post=572"}],"curies":[{"name":"wp","href":"https:\/\/api.w.org\/{rel}","templated":true}]}}