{"id":571,"date":"2024-08-06T18:02:17","date_gmt":"2024-08-06T15:02:17","guid":{"rendered":"http:\/\/lindaorganica.com\/?post_type=product&#038;p=571"},"modified":"2025-05-09T04:23:04","modified_gmt":"2025-05-09T01:23:04","slug":"organic-mimi-exfoliante-corporal-renovador-olivo-y-papaya","status":"publish","type":"product","link":"https:\/\/lindaorganica.com\/en\/product\/organic-mimi-exfoliante-corporal-renovador-olivo-y-papaya\/","title":{"rendered":"Organic MiMi Exfoliante Corporal Renovador Olivo y Papaya"},"content":{"rendered":"<p>Un exfoliante corporal revitalizante con ingredientes naturales puros protege la piel de los factores ambientales urbanos negativos. Los granos de az\u00facar y sal marina eliminan suave y eficazmente las c\u00e9lulas secas de la piel y estimulan su regeneraci\u00f3n. Para una sensaci\u00f3n de piel vitalizada, nutrida y suave como la seda.<br \/>\n250 g<\/p>\n<p>ACTIVOS<br \/>\nEl az\u00facar y la sal marina limpian y exfolian la piel en profundidad sin da\u00f1arla ni irritarla.<\/p>\n<p>El Extracto de Papaya tiene un efecto renovador y regenerador, satura la piel con vitaminas y amino\u00e1cidos, dej\u00e1ndola tersa y suave.<\/p>\n<p>El Aceite de Oliva Ecol\u00f3gico nutre, hidrata y regenera intensamente la piel, protegi\u00e9ndola de los factores ambientales negativos.<\/p>\n<p>Vegano, sin parabenos, aceites minerales ni colorantes. Nunca testado en animales.<br \/>\nINGREDIENTES<br \/>\nSal marina, sacarosa, glicerina, aceite de semilla de Helianthus Annuus, manteca de Butyrospermum Parkii, alcohol cetear\u00edlico, lauril gluc\u00f3sido, aceite de fruta de Olea Europaea*, extracto de fruta de Carica Papaya, cocamidopropil beta\u00edna, acetato de tocoferilo, perfume.<\/p>\n<p>* &#8211; ingredientes procedentes de la agricultura ecol\u00f3gica<\/p>\n","protected":false},"excerpt":{"rendered":"<p>Un exfoliante corporal revitalizante con ingredientes naturales puros protege la piel de los factores ambientales urbanos negativos. Los granos de az\u00facar y sal marina eliminan&#8230;<\/p>\n","protected":false},"featured_media":591,"template":"","meta":[],"product_brand":[],"product_cat":[16,24,26],"product_tag":[],"class_list":{"0":"post-571","1":"product","2":"type-product","3":"status-publish","4":"has-post-thumbnail","6":"product_cat-showroom","7":"product_cat-organic-mimi","8":"product_cat-body-scrubs","10":"first","11":"instock","12":"taxable","13":"shipping-taxable","14":"purchasable","15":"product-type-simple"},"translation":{"provider":"WPGlobus","version":"3.0.0","language":"en","enabled_languages":["es","en"],"languages":{"es":{"title":true,"content":true,"excerpt":false},"en":{"title":false,"content":false,"excerpt":false}}},"acf":[],"_links":{"self":[{"href":"https:\/\/lindaorganica.com\/en\/wp-json\/wp\/v2\/product\/571","targetHints":{"allow":["GET"]}}],"collection":[{"href":"https:\/\/lindaorganica.com\/en\/wp-json\/wp\/v2\/product"}],"about":[{"href":"https:\/\/lindaorganica.com\/en\/wp-json\/wp\/v2\/types\/product"}],"wp:featuredmedia":[{"embeddable":true,"href":"https:\/\/lindaorganica.com\/en\/wp-json\/wp\/v2\/media\/591"}],"wp:attachment":[{"href":"https:\/\/lindaorganica.com\/en\/wp-json\/wp\/v2\/media?parent=571"}],"wp:term":[{"taxonomy":"product_brand","embeddable":true,"href":"https:\/\/lindaorganica.com\/en\/wp-json\/wp\/v2\/product_brand?post=571"},{"taxonomy":"product_cat","embeddable":true,"href":"https:\/\/lindaorganica.com\/en\/wp-json\/wp\/v2\/product_cat?post=571"},{"taxonomy":"product_tag","embeddable":true,"href":"https:\/\/lindaorganica.com\/en\/wp-json\/wp\/v2\/product_tag?post=571"}],"curies":[{"name":"wp","href":"https:\/\/api.w.org\/{rel}","templated":true}]}}