{"id":570,"date":"2024-08-06T18:01:10","date_gmt":"2024-08-06T15:01:10","guid":{"rendered":"http:\/\/lindaorganica.com\/?post_type=product&#038;p=570"},"modified":"2025-05-09T04:17:22","modified_gmt":"2025-05-09T01:17:22","slug":"organic-mimi-exfoliante-corporal-lifting-mango-y-cafe","status":"publish","type":"product","link":"https:\/\/lindaorganica.com\/en\/product\/organic-mimi-exfoliante-corporal-lifting-mango-y-cafe\/","title":{"rendered":"Organic MiMi Exfoliante Corporal Lifting Mango y Cafe"},"content":{"rendered":"<p>Un exfoliante corporal suave y flexible elaborado con preciados ingredientes naturales. Los granos exfoliantes naturales de az\u00facar y sal marina eliminan suavemente las c\u00e9lulas cut\u00e1neas sobrantes para dejar la piel m\u00e1s suave y refinada.<br \/>\n250 g<\/p>\n<p>ACTIVOS<br \/>\nLos granos de az\u00facar y la sal marina, exfoliantes por naturaleza, eliminan suavemente las c\u00e9lulas cut\u00e1neas sobrantes para dejar la piel m\u00e1s suave y refinada.<\/p>\n<p>El az\u00facar y la sal marina limpian y exfolian la piel en profundidad sin da\u00f1arla ni irritarla.<\/p>\n<p>La manteca de mango org\u00e1nica y el aceite de coco hidratan y nutren la piel con vitaminas, dej\u00e1ndola aterciopelada y suave.<\/p>\n<p>El Caf\u00e9 Natural tonifica y reafirma la piel, mejorando su elasticidad y contorno.<\/p>\n<p>Vegano, sin parabenos, aceites minerales ni colorantes. Nunca testado en animales.<br \/>\nINGREDIENTES<br \/>\nSal marina, sacarosa, glicerina, aceite de semilla de Helianthus Annuus, alcohol cetear\u00edlico, manteca de Butyrospermum Parkii, aceite de Cocos Nucifera, lauril gluc\u00f3sido, polvo de semilla de Coffea Arabica, manteca de semilla de Mangifera Indica*, cocamidopropil beta\u00edna, acetato de tocoferilo, perfume.<\/p>\n<p>* &#8211; ingredientes procedentes de la agricultura ecol\u00f3gica<\/p>\n","protected":false},"excerpt":{"rendered":"<p>Un exfoliante corporal suave y flexible elaborado con preciados ingredientes naturales. Los granos exfoliantes naturales de az\u00facar y sal marina eliminan suavemente las c\u00e9lulas cut\u00e1neas&#8230;<\/p>\n","protected":false},"featured_media":600,"template":"","meta":[],"product_brand":[],"product_cat":[16,24,26],"product_tag":[],"class_list":{"0":"post-570","1":"product","2":"type-product","3":"status-publish","4":"has-post-thumbnail","6":"product_cat-showroom","7":"product_cat-organic-mimi","8":"product_cat-body-scrubs","10":"first","11":"instock","12":"taxable","13":"shipping-taxable","14":"purchasable","15":"product-type-simple"},"translation":{"provider":"WPGlobus","version":"3.0.0","language":"en","enabled_languages":["es","en"],"languages":{"es":{"title":true,"content":true,"excerpt":false},"en":{"title":false,"content":false,"excerpt":false}}},"acf":[],"_links":{"self":[{"href":"https:\/\/lindaorganica.com\/en\/wp-json\/wp\/v2\/product\/570","targetHints":{"allow":["GET"]}}],"collection":[{"href":"https:\/\/lindaorganica.com\/en\/wp-json\/wp\/v2\/product"}],"about":[{"href":"https:\/\/lindaorganica.com\/en\/wp-json\/wp\/v2\/types\/product"}],"wp:featuredmedia":[{"embeddable":true,"href":"https:\/\/lindaorganica.com\/en\/wp-json\/wp\/v2\/media\/600"}],"wp:attachment":[{"href":"https:\/\/lindaorganica.com\/en\/wp-json\/wp\/v2\/media?parent=570"}],"wp:term":[{"taxonomy":"product_brand","embeddable":true,"href":"https:\/\/lindaorganica.com\/en\/wp-json\/wp\/v2\/product_brand?post=570"},{"taxonomy":"product_cat","embeddable":true,"href":"https:\/\/lindaorganica.com\/en\/wp-json\/wp\/v2\/product_cat?post=570"},{"taxonomy":"product_tag","embeddable":true,"href":"https:\/\/lindaorganica.com\/en\/wp-json\/wp\/v2\/product_tag?post=570"}],"curies":[{"name":"wp","href":"https:\/\/api.w.org\/{rel}","templated":true}]}}