{"id":569,"date":"2024-08-06T17:59:04","date_gmt":"2024-08-06T14:59:04","guid":{"rendered":"http:\/\/lindaorganica.com\/?post_type=product&#038;p=569"},"modified":"2025-05-09T04:23:55","modified_gmt":"2025-05-09T01:23:55","slug":"organic-mimi-exfoliante-corporal-restaurador-coco-pomelo","status":"publish","type":"product","link":"https:\/\/lindaorganica.com\/en\/product\/organic-mimi-exfoliante-corporal-restaurador-coco-pomelo\/","title":{"rendered":"Organic MiMi Exfoliante Corporal Restaurador Coco &#038; Pomelo"},"content":{"rendered":"<p>Este exfoliante a base de az\u00facar y sal marina limpia y exfolia la piel en profundidad, le devuelve su elasticidad y firmeza, aport\u00e1ndole un delicioso brillo saludable y suavidad.<br \/>\n250 g<\/p>\n<p>ACTIVOS<br \/>\nEl az\u00facar y la sal marina limpian y exfolian la piel en profundidad sin da\u00f1arla ni irritarla.<\/p>\n<p>El Aceite Esencial de Pomelo tiene un efecto regenerador y tonificante. La piel se vuelve lisa y suave, adquiere un brillo saludable.<\/p>\n<p>El Aceite de Coco Ecol\u00f3gico nutre e hidrata la piel, le devuelve flexibilidad y elasticidad, elimina la sequedad y la descamaci\u00f3n.<br \/>\nVegano, sin parabenos, aceites minerales ni colorantes. Nunca testado en animales.<br \/>\nINGREDIENTES<br \/>\nSal marina, sacarosa, glicerina, aceite de semillas de Helianthus Annuus, manteca de Butyrospermum Parkii, alcohol cetear\u00edlico, lauril gluc\u00f3sido, aceite de Cocos Nusifera*, polvo de frutos de Cocos Nucifera, cocamidopropil beta\u00edna, acetato de tocoferilo, aceite de c\u00e1scara de Citrus Grandis, parfum, limoneno.<\/p>\n<p>* &#8211; ingredientes procedentes de la agricultura ecol\u00f3gica<\/p>\n","protected":false},"excerpt":{"rendered":"<p>Este exfoliante a base de az\u00facar y sal marina limpia y exfolia la piel en profundidad, le devuelve su elasticidad y firmeza, aport\u00e1ndole un delicioso&#8230;<\/p>\n","protected":false},"featured_media":592,"template":"","meta":[],"product_brand":[],"product_cat":[16,24,26],"product_tag":[],"class_list":{"0":"post-569","1":"product","2":"type-product","3":"status-publish","4":"has-post-thumbnail","6":"product_cat-showroom","7":"product_cat-organic-mimi","8":"product_cat-body-scrubs","10":"first","11":"instock","12":"taxable","13":"shipping-taxable","14":"purchasable","15":"product-type-simple"},"translation":{"provider":"WPGlobus","version":"3.0.0","language":"en","enabled_languages":["es","en"],"languages":{"es":{"title":true,"content":true,"excerpt":false},"en":{"title":false,"content":false,"excerpt":false}}},"acf":[],"_links":{"self":[{"href":"https:\/\/lindaorganica.com\/en\/wp-json\/wp\/v2\/product\/569","targetHints":{"allow":["GET"]}}],"collection":[{"href":"https:\/\/lindaorganica.com\/en\/wp-json\/wp\/v2\/product"}],"about":[{"href":"https:\/\/lindaorganica.com\/en\/wp-json\/wp\/v2\/types\/product"}],"wp:featuredmedia":[{"embeddable":true,"href":"https:\/\/lindaorganica.com\/en\/wp-json\/wp\/v2\/media\/592"}],"wp:attachment":[{"href":"https:\/\/lindaorganica.com\/en\/wp-json\/wp\/v2\/media?parent=569"}],"wp:term":[{"taxonomy":"product_brand","embeddable":true,"href":"https:\/\/lindaorganica.com\/en\/wp-json\/wp\/v2\/product_brand?post=569"},{"taxonomy":"product_cat","embeddable":true,"href":"https:\/\/lindaorganica.com\/en\/wp-json\/wp\/v2\/product_cat?post=569"},{"taxonomy":"product_tag","embeddable":true,"href":"https:\/\/lindaorganica.com\/en\/wp-json\/wp\/v2\/product_tag?post=569"}],"curies":[{"name":"wp","href":"https:\/\/api.w.org\/{rel}","templated":true}]}}