{"id":566,"date":"2024-08-06T17:53:00","date_gmt":"2024-08-06T14:53:00","guid":{"rendered":"http:\/\/lindaorganica.com\/?post_type=product&#038;p=566"},"modified":"2025-05-13T17:39:38","modified_gmt":"2025-05-13T14:39:38","slug":"organic-mimi-sorbete-corporal-energy-fresa-y-cafe","status":"publish","type":"product","link":"https:\/\/lindaorganica.com\/en\/product\/organic-mimi-sorbete-corporal-energy-fresa-y-cafe\/","title":{"rendered":"Organic MiMi Exfoliante Corporal Energy Fresa y Cafe"},"content":{"rendered":"<p>Este exfoliante corporal a base de az\u00facar, sal marina y caf\u00e9 limpia y exfolia la piel en profundidad, mejora el tono y la elasticidad. El exfoliante tambi\u00e9n ayuda a nutrir, suavizar y fortalecer la barrera protectora de la piel.<br \/>\n250 g<\/p>\n<p>ACTIVOS<br \/>\nEl az\u00facar y la sal marina limpian y exfolian la piel en profundidad sin da\u00f1arla ni irritarla<\/p>\n<p>El \u0421offee natural mejora el tono de la piel, aumenta su elasticidad y perfecciona sus contornos.<\/p>\n<p>El Extracto de Fresa aporta vitaminas, potencia la energ\u00eda, hidrata y tonifica la piel.<\/p>\n<p>El Aceite de Jojoba Ecol\u00f3gico nutre intensamente y suaviza la piel.<\/p>\n<p>Vegano, sin parabenos, aceites minerales ni colorantes. Nunca testado en animales.<br \/>\nINGREDIENTES<br \/>\nSal marina, sacarosa, glicerina, aceite de semilla de Helianthus Annuus, alcohol cetear\u00edlico, manteca de Butyrospermum Parkii, aceite de Cocos Nucifera, lauril gluc\u00f3sido, polvo de semilla de Coffea Arabica, aceite de semilla de Simmondsia Chinensis*, extracto de fruta de Fragaria Vesca, cocamidopropil beta\u00edna, acetato de tocoferilo, perfume.<\/p>\n<p>* &#8211; ingredientes procedentes de la agricultura ecol\u00f3gica<\/p>\n","protected":false},"excerpt":{"rendered":"<p>Este exfoliante corporal a base de az\u00facar, sal marina y caf\u00e9 limpia y exfolia la piel en profundidad, mejora el tono y la elasticidad. El&#8230;<\/p>\n","protected":false},"featured_media":603,"template":"","meta":[],"product_brand":[],"product_cat":[16,24,26],"product_tag":[],"class_list":{"0":"post-566","1":"product","2":"type-product","3":"status-publish","4":"has-post-thumbnail","6":"product_cat-showroom","7":"product_cat-organic-mimi","8":"product_cat-body-scrubs","10":"first","11":"instock","12":"taxable","13":"shipping-taxable","14":"purchasable","15":"product-type-simple"},"translation":{"provider":"WPGlobus","version":"3.0.0","language":"en","enabled_languages":["es","en"],"languages":{"es":{"title":true,"content":true,"excerpt":false},"en":{"title":false,"content":false,"excerpt":false}}},"acf":[],"_links":{"self":[{"href":"https:\/\/lindaorganica.com\/en\/wp-json\/wp\/v2\/product\/566","targetHints":{"allow":["GET"]}}],"collection":[{"href":"https:\/\/lindaorganica.com\/en\/wp-json\/wp\/v2\/product"}],"about":[{"href":"https:\/\/lindaorganica.com\/en\/wp-json\/wp\/v2\/types\/product"}],"wp:featuredmedia":[{"embeddable":true,"href":"https:\/\/lindaorganica.com\/en\/wp-json\/wp\/v2\/media\/603"}],"wp:attachment":[{"href":"https:\/\/lindaorganica.com\/en\/wp-json\/wp\/v2\/media?parent=566"}],"wp:term":[{"taxonomy":"product_brand","embeddable":true,"href":"https:\/\/lindaorganica.com\/en\/wp-json\/wp\/v2\/product_brand?post=566"},{"taxonomy":"product_cat","embeddable":true,"href":"https:\/\/lindaorganica.com\/en\/wp-json\/wp\/v2\/product_cat?post=566"},{"taxonomy":"product_tag","embeddable":true,"href":"https:\/\/lindaorganica.com\/en\/wp-json\/wp\/v2\/product_tag?post=566"}],"curies":[{"name":"wp","href":"https:\/\/api.w.org\/{rel}","templated":true}]}}