{"id":565,"date":"2024-08-06T17:51:57","date_gmt":"2024-08-06T14:51:57","guid":{"rendered":"http:\/\/lindaorganica.com\/?post_type=product&#038;p=565"},"modified":"2025-05-09T04:26:13","modified_gmt":"2025-05-09T01:26:13","slug":"organic-mimi-sorbete-corporal-hidratante-arica-y-cereza","status":"publish","type":"product","link":"https:\/\/lindaorganica.com\/en\/product\/organic-mimi-sorbete-corporal-hidratante-arica-y-cereza\/","title":{"rendered":"Organic MiMi Sorbete Corporal Hidratante Arica y Cereza"},"content":{"rendered":"<p>Sorbete corporal hidratante ligero y de r\u00e1pida absorci\u00f3n con ingredientes naturales que se funde r\u00e1pidamente con la piel. Deja la piel del cuerpo suave, flexible, lisa, fresca e hidratada.<br \/>\n200 ml<\/p>\n<p>ACTIVOS<br \/>\nEl Extracto de \u00c1rnica Ecol\u00f3gica tonifica y suaviza la piel.<\/p>\n<p>El extracto org\u00e1nico de cereza hidrata la piel, dej\u00e1ndola aterciopelada, suave y firme.<\/p>\n<p>El Aceite de Jojoba favorece el proceso de regeneraci\u00f3n celular, dejando la piel suave y tersa.<\/p>\n<p>Vegano, sin parabenos, aceites minerales ni colorantes. Nunca testado en animales.<br \/>\nINGREDIENTES<br \/>\nAgua, miristato de isopropilo, triglic\u00e9rido capr\u00edlico\/c\u00e1prico, estearato de sorbit\u00e1n, laurato de sorbitol, aceite de semilla de Simmondsia Chinensis, extracto de flor de Arnica Montana*, extracto de fruta de Prunus Avium*, aceite de semilla de Vitis Vinifera, copol\u00edmero de acrilatos\/metacrilato de beheneth-25, alcohol benc\u00edlico, etilhexiglicerina, hidr\u00f3xido de sodio, perfume, hexil cinamal, limoneno.<\/p>\n<p>* &#8211; ingredientes procedentes de la agricultura ecol\u00f3gica<\/p>\n","protected":false},"excerpt":{"rendered":"<p>Sorbete corporal hidratante ligero y de r\u00e1pida absorci\u00f3n con ingredientes naturales que se funde r\u00e1pidamente con la piel. Deja la piel del cuerpo suave, flexible,&#8230;<\/p>\n","protected":false},"featured_media":594,"template":"","meta":[],"product_brand":[],"product_cat":[16,24,47],"product_tag":[],"class_list":{"0":"post-565","1":"product","2":"type-product","3":"status-publish","4":"has-post-thumbnail","6":"product_cat-showroom","7":"product_cat-organic-mimi","8":"product_cat-body-sorbet","10":"first","11":"instock","12":"taxable","13":"shipping-taxable","14":"purchasable","15":"product-type-simple"},"translation":{"provider":"WPGlobus","version":"3.0.0","language":"en","enabled_languages":["es","en"],"languages":{"es":{"title":true,"content":true,"excerpt":false},"en":{"title":false,"content":false,"excerpt":false}}},"acf":[],"_links":{"self":[{"href":"https:\/\/lindaorganica.com\/en\/wp-json\/wp\/v2\/product\/565","targetHints":{"allow":["GET"]}}],"collection":[{"href":"https:\/\/lindaorganica.com\/en\/wp-json\/wp\/v2\/product"}],"about":[{"href":"https:\/\/lindaorganica.com\/en\/wp-json\/wp\/v2\/types\/product"}],"wp:featuredmedia":[{"embeddable":true,"href":"https:\/\/lindaorganica.com\/en\/wp-json\/wp\/v2\/media\/594"}],"wp:attachment":[{"href":"https:\/\/lindaorganica.com\/en\/wp-json\/wp\/v2\/media?parent=565"}],"wp:term":[{"taxonomy":"product_brand","embeddable":true,"href":"https:\/\/lindaorganica.com\/en\/wp-json\/wp\/v2\/product_brand?post=565"},{"taxonomy":"product_cat","embeddable":true,"href":"https:\/\/lindaorganica.com\/en\/wp-json\/wp\/v2\/product_cat?post=565"},{"taxonomy":"product_tag","embeddable":true,"href":"https:\/\/lindaorganica.com\/en\/wp-json\/wp\/v2\/product_tag?post=565"}],"curies":[{"name":"wp","href":"https:\/\/api.w.org\/{rel}","templated":true}]}}