{"id":564,"date":"2024-08-06T17:49:59","date_gmt":"2024-08-06T14:49:59","guid":{"rendered":"http:\/\/lindaorganica.com\/?post_type=product&#038;p=564"},"modified":"2025-05-09T04:27:04","modified_gmt":"2025-05-09T01:27:04","slug":"organic-mimi-sorbete-corporal-verbena-y-pomelo","status":"publish","type":"product","link":"https:\/\/lindaorganica.com\/en\/product\/organic-mimi-sorbete-corporal-verbena-y-pomelo\/","title":{"rendered":"Organic MiMi Sorbete Corporal Verbena y Pomelo"},"content":{"rendered":"<p>Sorbete corporal hidratante ligero y de r\u00e1pida absorci\u00f3n con ingredientes naturales que se funde r\u00e1pidamente con la piel. Este Sorbete Corporal tiene un efecto reafirmante.<br \/>\n200 ml<\/p>\n<p>ACTIVOS<br \/>\nEl extracto de verbena org\u00e1nica hidrata y mantiene el equilibrio h\u00eddrico de la piel.<br \/>\nEl extracto de pomelo tiene un efecto rejuvenecedor, mejora el tono de la piel, la reafirma y la tensa.<br \/>\nLa manteca de karit\u00e9 restaura las funciones protectoras de la piel, aumenta su firmeza y elasticidad.<br \/>\nVegano, sin parabenos, aceites minerales ni colorantes. Nunca testado en animales.<\/p>\n<p>INGREDIENTES<br \/>\nAgua, miristato de isopropilo, triglic\u00e9rido capr\u00edlico\/c\u00e1prico, estearato de sorbit\u00e1n, laurato de sorbitol, manteca de Butyrospermum Parkii, aceite de semilla de Vitis Vinifera, extracto de hoja de Verbena Officinalis*, Citrus Paradisi Fruit Extract, Acrylates\/Beheneth-25 Methacrylate Copolymer, Benzyl Alcohol, Ethylhexylglycerin, Sodium Hydroxide, Parfum, Benzyl Salicylate, Citral, Citronellol, Limonene, Geraniol, Linalool<\/p>\n<p>* &#8211; ingredientes procedentes de la agricultura ecol\u00f3gica<\/p>\n","protected":false},"excerpt":{"rendered":"<p>Sorbete corporal hidratante ligero y de r\u00e1pida absorci\u00f3n con ingredientes naturales que se funde r\u00e1pidamente con la piel. Este Sorbete Corporal tiene un efecto reafirmante&#8230;.<\/p>\n","protected":false},"featured_media":595,"template":"","meta":[],"product_brand":[],"product_cat":[16,24,47],"product_tag":[],"class_list":{"0":"post-564","1":"product","2":"type-product","3":"status-publish","4":"has-post-thumbnail","6":"product_cat-showroom","7":"product_cat-organic-mimi","8":"product_cat-body-sorbet","10":"first","11":"instock","12":"taxable","13":"shipping-taxable","14":"purchasable","15":"product-type-simple"},"translation":{"provider":"WPGlobus","version":"3.0.0","language":"en","enabled_languages":["es","en"],"languages":{"es":{"title":true,"content":true,"excerpt":false},"en":{"title":false,"content":false,"excerpt":false}}},"acf":[],"_links":{"self":[{"href":"https:\/\/lindaorganica.com\/en\/wp-json\/wp\/v2\/product\/564","targetHints":{"allow":["GET"]}}],"collection":[{"href":"https:\/\/lindaorganica.com\/en\/wp-json\/wp\/v2\/product"}],"about":[{"href":"https:\/\/lindaorganica.com\/en\/wp-json\/wp\/v2\/types\/product"}],"wp:featuredmedia":[{"embeddable":true,"href":"https:\/\/lindaorganica.com\/en\/wp-json\/wp\/v2\/media\/595"}],"wp:attachment":[{"href":"https:\/\/lindaorganica.com\/en\/wp-json\/wp\/v2\/media?parent=564"}],"wp:term":[{"taxonomy":"product_brand","embeddable":true,"href":"https:\/\/lindaorganica.com\/en\/wp-json\/wp\/v2\/product_brand?post=564"},{"taxonomy":"product_cat","embeddable":true,"href":"https:\/\/lindaorganica.com\/en\/wp-json\/wp\/v2\/product_cat?post=564"},{"taxonomy":"product_tag","embeddable":true,"href":"https:\/\/lindaorganica.com\/en\/wp-json\/wp\/v2\/product_tag?post=564"}],"curies":[{"name":"wp","href":"https:\/\/api.w.org\/{rel}","templated":true}]}}