{"id":563,"date":"2024-08-06T17:47:44","date_gmt":"2024-08-06T14:47:44","guid":{"rendered":"http:\/\/lindaorganica.com\/?post_type=product&#038;p=563"},"modified":"2025-05-09T04:59:20","modified_gmt":"2025-05-09T01:59:20","slug":"organic-mimi-sorbete-corporal-hidratante-aguacate-y-pera","status":"publish","type":"product","link":"https:\/\/lindaorganica.com\/en\/product\/organic-mimi-sorbete-corporal-hidratante-aguacate-y-pera\/","title":{"rendered":"Organic MiMi Sorbete Corporal Hidratante Aguacate y Pera"},"content":{"rendered":"<p>Textura ligera y antiedad<br \/>\n200 ml<\/p>\n<p>ACTIVOS<br \/>\nEl Aceite de Aguacate Ecol\u00f3gico hidrata y nutre la piel.<br \/>\nEl Extracto de Pera satura la piel de vitaminas y amino\u00e1cidos.<br \/>\nEl Aceite Esencial de Vetiver tiene un efecto antioxidante, previniendo el envejecimiento prematuro de las c\u00e9lulas de la piel.<br \/>\nVegano, sin parabenos, aceites minerales ni colorantes. Nunca testado en animales.<\/p>\n<p><strong>INGREDIENTES<\/strong><br \/>\nAgua, miristato de isopropilo, triglic\u00e9rido capr\u00edlico\/c\u00e1prico, estearato de sorbit\u00e1n, laurato de sorbitol, aceite de Persea Gratissima*, aceite de semilla de Vitis Vinifera, extracto de fruto de Pyrus Communis, copol\u00edmero de acrilatos\/beheneth-25 metacrilato, aceite de ra\u00edz de Vetiveria zizanoides, alcohol benc\u00edlico, etilhexilglicerina, hidr\u00f3xido de sodio, parfum, amil cinamal, citronelol, geraniol, limoneno, linalool.<\/p>\n<p>* Ingredientes procedentes de la agricultura ecol\u00f3gica<\/p>\n","protected":false},"excerpt":{"rendered":"<p>Textura ligera y antiedad 200 ml ACTIVOS El Aceite de Aguacate Ecol\u00f3gico hidrata y nutre la piel. El Extracto de Pera satura la piel de&#8230;<\/p>\n","protected":false},"featured_media":588,"template":"","meta":[],"product_brand":[],"product_cat":[16,24,47],"product_tag":[],"class_list":{"0":"post-563","1":"product","2":"type-product","3":"status-publish","4":"has-post-thumbnail","6":"product_cat-showroom","7":"product_cat-organic-mimi","8":"product_cat-body-sorbet","10":"first","11":"instock","12":"taxable","13":"shipping-taxable","14":"purchasable","15":"product-type-simple"},"translation":{"provider":"WPGlobus","version":"3.0.0","language":"en","enabled_languages":["es","en"],"languages":{"es":{"title":true,"content":true,"excerpt":false},"en":{"title":false,"content":false,"excerpt":false}}},"acf":[],"_links":{"self":[{"href":"https:\/\/lindaorganica.com\/en\/wp-json\/wp\/v2\/product\/563","targetHints":{"allow":["GET"]}}],"collection":[{"href":"https:\/\/lindaorganica.com\/en\/wp-json\/wp\/v2\/product"}],"about":[{"href":"https:\/\/lindaorganica.com\/en\/wp-json\/wp\/v2\/types\/product"}],"wp:featuredmedia":[{"embeddable":true,"href":"https:\/\/lindaorganica.com\/en\/wp-json\/wp\/v2\/media\/588"}],"wp:attachment":[{"href":"https:\/\/lindaorganica.com\/en\/wp-json\/wp\/v2\/media?parent=563"}],"wp:term":[{"taxonomy":"product_brand","embeddable":true,"href":"https:\/\/lindaorganica.com\/en\/wp-json\/wp\/v2\/product_brand?post=563"},{"taxonomy":"product_cat","embeddable":true,"href":"https:\/\/lindaorganica.com\/en\/wp-json\/wp\/v2\/product_cat?post=563"},{"taxonomy":"product_tag","embeddable":true,"href":"https:\/\/lindaorganica.com\/en\/wp-json\/wp\/v2\/product_tag?post=563"}],"curies":[{"name":"wp","href":"https:\/\/api.w.org\/{rel}","templated":true}]}}