{"id":560,"date":"2024-08-06T17:41:19","date_gmt":"2024-08-06T14:41:19","guid":{"rendered":"http:\/\/lindaorganica.com\/?post_type=product&#038;p=560"},"modified":"2026-02-11T03:55:39","modified_gmt":"2026-02-11T00:55:39","slug":"ecolatier-gel-de-ducha-y-champu-2-en-1-energy","status":"publish","type":"product","link":"https:\/\/lindaorganica.com\/en\/product\/ecolatier-gel-de-ducha-y-champu-2-en-1-energy\/","title":{"rendered":"ECOLATIER Gel de Ducha y Champ\u00fa 2 en 1 Energy"},"content":{"rendered":"<p>En un mundo donde la imagen lo es todo y la calidad define el camino hacia el \u00e9xito, cuidarse para seguir el ritmo de la ciudad es fundamental<br \/>\nECOLATIER \u00ae URBAN series es una l\u00ednea vibrante para el cuidado de la piel y el cabello para uso diario con efecto anticontaminaci\u00f3n<br \/>\nSer &#8220;ECOLATIER&#8221; significa que todo lo que hacemos no hace da\u00f1o. Significa trabajar incansablemente para desarrollar los productos de manera sostenible para permitir que florezcan tanto el planeta como su sociedad<br \/>\nGel de ducha y Champ\u00fa 2 en 1 Energy ECOLATIER\u00ae URBAN es un producto excelente para una limpieza suave del cuerpo y el cabello. Los aceites y extractos naturales cuidan el cabello e hidratan la piel. Crea una sensaci\u00f3n de alegr\u00eda y frescura durante todo el d\u00eda, incluso en el duro bullicio de la ciudad<br \/>\nEl extracto de t\u00e9 Verde es un antis\u00e9ptico natural, despierta la piel, mejora los procesos metab\u00f3licos en las c\u00e9lulas, tonifica e hidrata la piel y la hace lucir bella y cuidada<\/p>\n<p>El aceite de cipr\u00e9s tiene un excelente efecto refrescante, desodorizante, tonificante y antiestr\u00e9s despu\u00e9s de hacer deporte o de un d\u00eda de trabajo activo. Ayuda a animar y aliviar la tensi\u00f3n nerviosa.<\/p>\n<p>Extracto de resina Croton Lechleri( Sangre de Drag\u00f3n), Extracto de Moringa, Vitaminas B5, B6, C, E estimulan la desintoxicaci\u00f3n celular, regeneran la piel, muestran una alta actividad antioxidante y mejoran las funciones de barrera cut\u00e1nea.<br \/>\nINGREDIENTES<br \/>\nAqua, Coco-Sulfato de Sodio, Lauril Gluc\u00f3sido, Cloruro de Sodio, Cocamidopropil Beta\u00edna, Glicerina, Cocoanfoacetato de Sodio, Inulina, Fructosa, Extracto de Hoja de Camelia Sinensis, Extracto de Hoja de Moringa Oleifera, Aceite de Hoja de Cupressus Sempervirens, Pantenol, Propanodiol, Extracto de Resina de Croton Lechleri, Niacinamida, Pantotenato de Calcio, Ascorbil Fosfato de Sodio, Acetato de Tocoferilo, Piridoxina HCl, Maltodextrina, Octenilsuccinato de Almid\u00f3n de Sodio, S\u00edlice, Hidroxipropil Guar Cloruro de Hidroxipropiltrimonio, \u00c1cido C\u00edtrico, Alcohol Benc\u00edlico, Benzoato de Sodio, Sorbato de Potasio, Perfume, Limoneno, Linalool<\/p>\n","protected":false},"excerpt":{"rendered":"<p>En un mundo donde la imagen lo es todo y la calidad define el camino hacia el \u00e9xito, cuidarse para seguir el ritmo de la&#8230;<\/p>\n","protected":false},"featured_media":622,"template":"","meta":[],"product_brand":[],"product_cat":[16,45,25],"product_tag":[],"class_list":{"0":"post-560","1":"product","2":"type-product","3":"status-publish","4":"has-post-thumbnail","6":"product_cat-showroom","7":"product_cat-ecolatier","8":"product_cat-shower-gels","10":"first","11":"instock","12":"taxable","13":"shipping-taxable","14":"purchasable","15":"product-type-simple"},"translation":{"provider":"WPGlobus","version":"3.0.0","language":"en","enabled_languages":["es","en"],"languages":{"es":{"title":true,"content":true,"excerpt":false},"en":{"title":false,"content":false,"excerpt":false}}},"acf":[],"_links":{"self":[{"href":"https:\/\/lindaorganica.com\/en\/wp-json\/wp\/v2\/product\/560","targetHints":{"allow":["GET"]}}],"collection":[{"href":"https:\/\/lindaorganica.com\/en\/wp-json\/wp\/v2\/product"}],"about":[{"href":"https:\/\/lindaorganica.com\/en\/wp-json\/wp\/v2\/types\/product"}],"wp:featuredmedia":[{"embeddable":true,"href":"https:\/\/lindaorganica.com\/en\/wp-json\/wp\/v2\/media\/622"}],"wp:attachment":[{"href":"https:\/\/lindaorganica.com\/en\/wp-json\/wp\/v2\/media?parent=560"}],"wp:term":[{"taxonomy":"product_brand","embeddable":true,"href":"https:\/\/lindaorganica.com\/en\/wp-json\/wp\/v2\/product_brand?post=560"},{"taxonomy":"product_cat","embeddable":true,"href":"https:\/\/lindaorganica.com\/en\/wp-json\/wp\/v2\/product_cat?post=560"},{"taxonomy":"product_tag","embeddable":true,"href":"https:\/\/lindaorganica.com\/en\/wp-json\/wp\/v2\/product_tag?post=560"}],"curies":[{"name":"wp","href":"https:\/\/api.w.org\/{rel}","templated":true}]}}