{"id":554,"date":"2024-08-06T17:23:37","date_gmt":"2024-08-06T14:23:37","guid":{"rendered":"http:\/\/lindaorganica.com\/?post_type=product&#038;p=554"},"modified":"2026-04-22T04:12:42","modified_gmt":"2026-04-22T01:12:42","slug":"biomed-gum-health-98-enjuague-bucal-salud-de-encias-98-natural-sin-fluor-vegano","status":"publish","type":"product","link":"https:\/\/lindaorganica.com\/en\/product\/biomed-gum-health-98-enjuague-bucal-salud-de-encias-98-natural-sin-fluor-vegano\/","title":{"rendered":"BIOMED Gum Health 98%   Enjuague Bucal Salud de Enc\u00edas 98% Natural Sin Fl\u00faor, Vegano"},"content":{"rendered":"<p>BIOMED\u00ae Gum Health 98%  \u2014 Enjuague bucal natural para el cuidado completo. La enzima natural papa\u00edna, derivada del extracto de papaya, ayuda a eliminar la placa dental y a blanquear suavemente los dientes. El extracto de coco, que brinda a este enjuague bucal su sabor exclusivo, estimula la salud de las enc\u00edas. El ingrediente activo L-Arginina y el complejo activo multimineral que incluye zinc, cobre y magnesio, fortalecen y restauran el esmalte dental. Los extractos de pl\u00e1tano y de hojas de abedul ayudan a proteger contra las caries y a suavizar las enc\u00edas. El mentol brinda una sensaci\u00f3n de frescura en combinaci\u00f3n con las sales de zinc. El extracto de stevia (edulcorante natural) cuida los tejidos blandos de la boca y favorece la salud de las enc\u00edas. Recomendado para toda la familia: ni\u00f1os a partir de 6 a\u00f1os y adultos.<br \/>\nBLANQUEO DELICADO<br \/>\n9 ingredientes clave de origen natural<br \/>\nEFECTOS CL\u00cdNICAMENTE PROBADOS<br \/>\nINGREDIENTES<br \/>\nAqua, Hydrogenated Starch Hydrolysate, Sodium Coco-Sulfate, Salvia Officinalis Leaf Water, Betula Alba Leaf Extract, Plantago Lanceolata Leaf Extract, Rosmarinus Officinalis Leaf Oil, Stevia Rebaudiana Leaf Extract, Eucalyptus Globulus Leaf Oil, Illicium Verum Fruit\/Seed Oil, Eugenia Caryophyllus Bud Oil, Cedrus Atlantica Bark Oil, Polyglyceryl-4 Laurate\/Sebacate, Polyglyceryl-6 Caprylate\/Caprate, Aroma, Arginine, Maltodextrin, Ananas Sativus Fruit Extract, Magnesium Aspartate, Zinc Gluconate, Copper Gluconate, Glycerin, Benzyl Alcohol, Sodium Benzoate, Potassium Sorbate, Citric Acid, Tetrasodium Glutamate Diacetate, CI 19140, CI 42090, Limonene, Eugenol, Linalool. Fluoride free.<br \/>\nFree from: Fluoruro, alcohol *, SLES, clorhexidina, sacarina, peg y sabores sint\u00e9ticos<\/p>\n","protected":false},"excerpt":{"rendered":"<p>BIOMED\u00ae Gum Health 98% \u2014 Enjuague bucal natural para el cuidado completo. La enzima natural papa\u00edna, derivada del extracto de papaya, ayuda a eliminar la&#8230;<\/p>\n","protected":false},"featured_media":421,"template":"","meta":[],"product_brand":[],"product_cat":[16,23,44],"product_tag":[],"class_list":{"0":"post-554","1":"product","2":"type-product","3":"status-publish","4":"has-post-thumbnail","6":"product_cat-showroom","7":"product_cat-biomed","8":"product_cat-mouthwash","10":"first","11":"instock","12":"taxable","13":"shipping-taxable","14":"purchasable","15":"product-type-simple"},"translation":{"provider":"WPGlobus","version":"3.0.0","language":"en","enabled_languages":["es","en"],"languages":{"es":{"title":true,"content":true,"excerpt":false},"en":{"title":false,"content":false,"excerpt":false}}},"acf":[],"_links":{"self":[{"href":"https:\/\/lindaorganica.com\/en\/wp-json\/wp\/v2\/product\/554","targetHints":{"allow":["GET"]}}],"collection":[{"href":"https:\/\/lindaorganica.com\/en\/wp-json\/wp\/v2\/product"}],"about":[{"href":"https:\/\/lindaorganica.com\/en\/wp-json\/wp\/v2\/types\/product"}],"wp:featuredmedia":[{"embeddable":true,"href":"https:\/\/lindaorganica.com\/en\/wp-json\/wp\/v2\/media\/421"}],"wp:attachment":[{"href":"https:\/\/lindaorganica.com\/en\/wp-json\/wp\/v2\/media?parent=554"}],"wp:term":[{"taxonomy":"product_brand","embeddable":true,"href":"https:\/\/lindaorganica.com\/en\/wp-json\/wp\/v2\/product_brand?post=554"},{"taxonomy":"product_cat","embeddable":true,"href":"https:\/\/lindaorganica.com\/en\/wp-json\/wp\/v2\/product_cat?post=554"},{"taxonomy":"product_tag","embeddable":true,"href":"https:\/\/lindaorganica.com\/en\/wp-json\/wp\/v2\/product_tag?post=554"}],"curies":[{"name":"wp","href":"https:\/\/api.w.org\/{rel}","templated":true}]}}