{"id":551,"date":"2024-08-06T16:33:57","date_gmt":"2024-08-06T13:33:57","guid":{"rendered":"http:\/\/lindaorganica.com\/?post_type=product&#038;p=551"},"modified":"2025-10-13T04:03:04","modified_gmt":"2025-10-13T01:03:04","slug":"biomed-cepillo-de-dientes-black-complete-care","status":"publish","type":"product","link":"https:\/\/lindaorganica.com\/en\/product\/biomed-cepillo-de-dientes-black-complete-care\/","title":{"rendered":"BIOMED Cepillo de Dientes Black Complete Care"},"content":{"rendered":"<p>Los filametos espolvoreadas con carb\u00f3n vegetal ayudan a eliminar eficazmente la placa. Los extremos redondeados de los filametos hacen que el proceso de limpieza dental sea seguro y no da\u00f1e las enc\u00edas. Una cabeza con forma especial proporciona un acceso f\u00e1cil y r\u00e1pido a las muelas para una limpieza efectiva.<\/p>\n","protected":false},"excerpt":{"rendered":"<p>Los filametos espolvoreadas con carb\u00f3n vegetal ayudan a eliminar eficazmente la placa. Los extremos redondeados de los filametos hacen que el proceso de limpieza dental&#8230;<\/p>\n","protected":false},"featured_media":462,"template":"","meta":[],"product_brand":[],"product_cat":[16,23,43],"product_tag":[],"class_list":{"0":"post-551","1":"product","2":"type-product","3":"status-publish","4":"has-post-thumbnail","6":"product_cat-showroom","7":"product_cat-biomed","8":"product_cat-toothbrush","10":"first","11":"instock","12":"taxable","13":"shipping-taxable","14":"purchasable","15":"product-type-simple"},"translation":{"provider":"WPGlobus","version":"3.0.0","language":"en","enabled_languages":["es","en"],"languages":{"es":{"title":true,"content":true,"excerpt":false},"en":{"title":false,"content":false,"excerpt":false}}},"acf":[],"_links":{"self":[{"href":"https:\/\/lindaorganica.com\/en\/wp-json\/wp\/v2\/product\/551","targetHints":{"allow":["GET"]}}],"collection":[{"href":"https:\/\/lindaorganica.com\/en\/wp-json\/wp\/v2\/product"}],"about":[{"href":"https:\/\/lindaorganica.com\/en\/wp-json\/wp\/v2\/types\/product"}],"wp:featuredmedia":[{"embeddable":true,"href":"https:\/\/lindaorganica.com\/en\/wp-json\/wp\/v2\/media\/462"}],"wp:attachment":[{"href":"https:\/\/lindaorganica.com\/en\/wp-json\/wp\/v2\/media?parent=551"}],"wp:term":[{"taxonomy":"product_brand","embeddable":true,"href":"https:\/\/lindaorganica.com\/en\/wp-json\/wp\/v2\/product_brand?post=551"},{"taxonomy":"product_cat","embeddable":true,"href":"https:\/\/lindaorganica.com\/en\/wp-json\/wp\/v2\/product_cat?post=551"},{"taxonomy":"product_tag","embeddable":true,"href":"https:\/\/lindaorganica.com\/en\/wp-json\/wp\/v2\/product_tag?post=551"}],"curies":[{"name":"wp","href":"https:\/\/api.w.org\/{rel}","templated":true}]}}