{"id":550,"date":"2024-08-06T16:30:01","date_gmt":"2024-08-06T13:30:01","guid":{"rendered":"http:\/\/lindaorganica.com\/?post_type=product&#038;p=550"},"modified":"2025-10-13T04:02:33","modified_gmt":"2025-10-13T01:02:33","slug":"biomed-cepillo-de-dientes-pink-salt-complete-care-soft","status":"publish","type":"product","link":"https:\/\/lindaorganica.com\/en\/product\/biomed-cepillo-de-dientes-pink-salt-complete-care-soft\/","title":{"rendered":"BIOMED Cepillo de Dientes Pink Salt Complete Care Soft"},"content":{"rendered":"<p>Con cerdas espolvoreadas con cristales de sal rosa del Himalaya, nuestros cepillos de dientes Biomed sensibles y ultrasuaves ayudan a eliminar eficazmente la placa dental. Son perfectos para las personas con dientes sensibles, ya que las puntas refinadas y ultrafinas de las cerdas limpian suavemente el esmalte dental. La forma especial del cabezal del cepillo est\u00e1 dise\u00f1ada para facilitar el acceso a las muelas y conseguir una limpieza general m\u00e1s profunda. Los cristales de sal rosa del Himalaya son ricos en potasio, calcio, magnesio y yodo, y adem\u00e1s ayudan a aumentar la eficacia de la limpieza. Mango &#8211; PP (polipropileno), TPE (elast\u00f3mero termopl\u00e1stico); filamento &#8211; PBT (tereftalato de polibutileno). Enjuague un cepillo nuevo en agua caliente con jab\u00f3n antes de usarlo. Mantener el cepillo en posici\u00f3n vertical con la parte aplicada hacia arriba durante su uso. <\/p>\n","protected":false},"excerpt":{"rendered":"<p>Con cerdas espolvoreadas con cristales de sal rosa del Himalaya, nuestros cepillos de dientes Biomed sensibles y ultrasuaves ayudan a eliminar eficazmente la placa dental&#8230;.<\/p>\n","protected":false},"featured_media":419,"template":"","meta":[],"product_brand":[],"product_cat":[16,23,43],"product_tag":[],"class_list":{"0":"post-550","1":"product","2":"type-product","3":"status-publish","4":"has-post-thumbnail","6":"product_cat-showroom","7":"product_cat-biomed","8":"product_cat-toothbrush","10":"first","11":"instock","12":"taxable","13":"shipping-taxable","14":"purchasable","15":"product-type-simple"},"translation":{"provider":"WPGlobus","version":"3.0.0","language":"en","enabled_languages":["es","en"],"languages":{"es":{"title":true,"content":true,"excerpt":false},"en":{"title":false,"content":false,"excerpt":false}}},"acf":[],"_links":{"self":[{"href":"https:\/\/lindaorganica.com\/en\/wp-json\/wp\/v2\/product\/550","targetHints":{"allow":["GET"]}}],"collection":[{"href":"https:\/\/lindaorganica.com\/en\/wp-json\/wp\/v2\/product"}],"about":[{"href":"https:\/\/lindaorganica.com\/en\/wp-json\/wp\/v2\/types\/product"}],"wp:featuredmedia":[{"embeddable":true,"href":"https:\/\/lindaorganica.com\/en\/wp-json\/wp\/v2\/media\/419"}],"wp:attachment":[{"href":"https:\/\/lindaorganica.com\/en\/wp-json\/wp\/v2\/media?parent=550"}],"wp:term":[{"taxonomy":"product_brand","embeddable":true,"href":"https:\/\/lindaorganica.com\/en\/wp-json\/wp\/v2\/product_brand?post=550"},{"taxonomy":"product_cat","embeddable":true,"href":"https:\/\/lindaorganica.com\/en\/wp-json\/wp\/v2\/product_cat?post=550"},{"taxonomy":"product_tag","embeddable":true,"href":"https:\/\/lindaorganica.com\/en\/wp-json\/wp\/v2\/product_tag?post=550"}],"curies":[{"name":"wp","href":"https:\/\/api.w.org\/{rel}","templated":true}]}}