{"id":549,"date":"2024-08-06T16:28:20","date_gmt":"2024-08-06T13:28:20","guid":{"rendered":"http:\/\/lindaorganica.com\/?post_type=product&#038;p=549"},"modified":"2025-05-09T04:37:38","modified_gmt":"2025-05-09T01:37:38","slug":"splat-professional-ultracomplex","status":"publish","type":"product","link":"https:\/\/lindaorganica.com\/en\/product\/splat-professional-ultracomplex\/","title":{"rendered":"SPLAT Professional Ultracomplex"},"content":{"rendered":"<p>SPLAT\u00ae PROFESSIONAL ULTRACOMPLEX\u00ae blanquea suavemente los dientes sensibles, mantiene la salud de las enc\u00edas y proporciona un aliento excepcionalmente fresco. El innovador sistema Sp.White pule el esmalte hasta conseguir un brillo resplandeciente y favorece la salud bucal &#8211; la enzima natural de la papaya (papa\u00edna) y las part\u00edculas pulidoras redondeadas de s\u00edlice ayudan a eliminar las manchas superficiales y la placa dental, el Polydon (PVP)- componente formador de pel\u00edcula, cubre los dientes con una pel\u00edcula protectora, contribuyendo eficazmente a la limpieza a largo plazo. La hidroxiapatita ayuda a reducir la hipersensibilidad, el Calcio activo refuerza el esmalte. Los iones de Potasio (Nitrato de Potasio) tambi\u00e9n alivian la sensibilidad dental, mientras que los iones de Zinc (Citrato de Zinc) protegen contra la caries y refrescan el aliento.<br \/>\nINGREDIENTES<br \/>\nAgua, hidrolizado de almid\u00f3n hidrogenado, s\u00edlice hidratada, PEG-8, coco-sulfato s\u00f3dico, goma de celulosa, aroma, bicarbonato s\u00f3dico, nitrato pot\u00e1sico, lactato c\u00e1lcico, CI 77891, citrato de zinc, metilparabeno s\u00f3dico, PVP, hidroxiapatita, sacarina s\u00f3dica, bisabolol, papa\u00edna, limoneno. Sin fl\u00faor.<\/p>\n<p>No contiene:<br \/>\nSL\u0415S, clorhexidina, fl\u00faor.<\/p>\n","protected":false},"excerpt":{"rendered":"<p>SPLAT\u00ae PROFESSIONAL ULTRACOMPLEX\u00ae blanquea suavemente los dientes sensibles, mantiene la salud de las enc\u00edas y proporciona un aliento excepcionalmente fresco. El innovador sistema Sp.White pule&#8230;<\/p>\n","protected":false},"featured_media":625,"template":"","meta":[],"product_brand":[],"product_cat":[16,21,41],"product_tag":[],"class_list":{"0":"post-549","1":"product","2":"type-product","3":"status-publish","4":"has-post-thumbnail","6":"product_cat-showroom","7":"product_cat-splat","8":"product_cat-toothpaste","10":"first","11":"instock","12":"taxable","13":"shipping-taxable","14":"purchasable","15":"product-type-simple"},"translation":{"provider":"WPGlobus","version":"3.0.0","language":"en","enabled_languages":["es","en"],"languages":{"es":{"title":true,"content":true,"excerpt":false},"en":{"title":false,"content":false,"excerpt":false}}},"acf":[],"_links":{"self":[{"href":"https:\/\/lindaorganica.com\/en\/wp-json\/wp\/v2\/product\/549","targetHints":{"allow":["GET"]}}],"collection":[{"href":"https:\/\/lindaorganica.com\/en\/wp-json\/wp\/v2\/product"}],"about":[{"href":"https:\/\/lindaorganica.com\/en\/wp-json\/wp\/v2\/types\/product"}],"wp:featuredmedia":[{"embeddable":true,"href":"https:\/\/lindaorganica.com\/en\/wp-json\/wp\/v2\/media\/625"}],"wp:attachment":[{"href":"https:\/\/lindaorganica.com\/en\/wp-json\/wp\/v2\/media?parent=549"}],"wp:term":[{"taxonomy":"product_brand","embeddable":true,"href":"https:\/\/lindaorganica.com\/en\/wp-json\/wp\/v2\/product_brand?post=549"},{"taxonomy":"product_cat","embeddable":true,"href":"https:\/\/lindaorganica.com\/en\/wp-json\/wp\/v2\/product_cat?post=549"},{"taxonomy":"product_tag","embeddable":true,"href":"https:\/\/lindaorganica.com\/en\/wp-json\/wp\/v2\/product_tag?post=549"}],"curies":[{"name":"wp","href":"https:\/\/api.w.org\/{rel}","templated":true}]}}