{"id":548,"date":"2024-08-06T16:26:43","date_gmt":"2024-08-06T13:26:43","guid":{"rendered":"http:\/\/lindaorganica.com\/?post_type=product&#038;p=548"},"modified":"2025-05-09T04:51:39","modified_gmt":"2025-05-09T01:51:39","slug":"splat-professional-white-plus","status":"publish","type":"product","link":"https:\/\/lindaorganica.com\/en\/product\/splat-professional-white-plus\/","title":{"rendered":"SPLAT Professional White Plus"},"content":{"rendered":"<p>SPLAT PROFESSIONAL WHITE PLUS es un dent\u00edfrico con nuestro blanqueador Sp. White System\u00ae, que pule el esmalte hasta conseguir un brillo resplandeciente &#8211; la enzima natural de la papaya (papa\u00edna) y las part\u00edculas pulidoras redondeadas de s\u00edlice ayudan a eliminar las manchas superficiales y la placa dental, el Polydon (PVP) &#8211; componente formador de pel\u00edcula, cubre los dientes con una pel\u00edcula protectora, contribuyendo eficazmente a la limpieza a largo plazo. Tripple Whitening System (Sistema de Fosfato de Triple Acci\u00f3n) rompe las manchas de caf\u00e9, t\u00e9 y vino tinto, que afectan al color de los dientes, pule suavemente el esmalte dental:<br \/>\n&#8211; El Pirofosfato de Calcio aclara suavemente el esmalte,<br \/>\n&#8211; El Trifosfato Pentas\u00f3dico ayuda a prevenir la formaci\u00f3n de sarro,<br \/>\n&#8211; El fosfato dic\u00e1lcico dihidratado proporciona un efecto limpiador.<br \/>\nLos iones de potasio ayudan a reducir la hipersensibilidad. El mentol proporciona una sensaci\u00f3n prolongada de frescor y frescura. El monofluorofosfato de sodio protege de la caries. Eficacia cl\u00ednicamente probada en 4 semanas de uso, blanqueamiento efectivo del esmalte hasta 1,5 tonos.<br \/>\nINGREDIENTES<br \/>\nAgua, hidrolizado de almid\u00f3n hidrogenado, s\u00edlice hidratada, nitrato pot\u00e1sico, fosfato dic\u00e1lcico dihidrato, PEG-8, pirofosfato c\u00e1lcico, trifosfato pentas\u00f3dico, aroma, coco-sulfato s\u00f3dico, goma de celulosa, monofluorofosfato s\u00f3dico, CI 77891, lauroilsarcosinato s\u00f3dico, PVP, metilparabeno s\u00f3dico, sacarina s\u00f3dica, mentol, papa\u00edna, limoneno. Contenido en fl\u00faor &#8211; 0,1% (1000 ppm).<br \/>\nLibre de:<br \/>\nSL\u0415S, clorhexidina, productos de origen animal<\/p>\n","protected":false},"excerpt":{"rendered":"<p>SPLAT PROFESSIONAL WHITE PLUS es un dent\u00edfrico con nuestro blanqueador Sp. White System\u00ae, que pule el esmalte hasta conseguir un brillo resplandeciente &#8211; la enzima&#8230;<\/p>\n","protected":false},"featured_media":626,"template":"","meta":[],"product_brand":[],"product_cat":[16,21,41],"product_tag":[],"class_list":{"0":"post-548","1":"product","2":"type-product","3":"status-publish","4":"has-post-thumbnail","6":"product_cat-showroom","7":"product_cat-splat","8":"product_cat-toothpaste","10":"first","11":"instock","12":"taxable","13":"shipping-taxable","14":"purchasable","15":"product-type-simple"},"translation":{"provider":"WPGlobus","version":"3.0.0","language":"en","enabled_languages":["es","en"],"languages":{"es":{"title":true,"content":true,"excerpt":false},"en":{"title":false,"content":false,"excerpt":false}}},"acf":[],"_links":{"self":[{"href":"https:\/\/lindaorganica.com\/en\/wp-json\/wp\/v2\/product\/548","targetHints":{"allow":["GET"]}}],"collection":[{"href":"https:\/\/lindaorganica.com\/en\/wp-json\/wp\/v2\/product"}],"about":[{"href":"https:\/\/lindaorganica.com\/en\/wp-json\/wp\/v2\/types\/product"}],"wp:featuredmedia":[{"embeddable":true,"href":"https:\/\/lindaorganica.com\/en\/wp-json\/wp\/v2\/media\/626"}],"wp:attachment":[{"href":"https:\/\/lindaorganica.com\/en\/wp-json\/wp\/v2\/media?parent=548"}],"wp:term":[{"taxonomy":"product_brand","embeddable":true,"href":"https:\/\/lindaorganica.com\/en\/wp-json\/wp\/v2\/product_brand?post=548"},{"taxonomy":"product_cat","embeddable":true,"href":"https:\/\/lindaorganica.com\/en\/wp-json\/wp\/v2\/product_cat?post=548"},{"taxonomy":"product_tag","embeddable":true,"href":"https:\/\/lindaorganica.com\/en\/wp-json\/wp\/v2\/product_tag?post=548"}],"curies":[{"name":"wp","href":"https:\/\/api.w.org\/{rel}","templated":true}]}}