{"id":546,"date":"2024-08-06T16:22:59","date_gmt":"2024-08-06T13:22:59","guid":{"rendered":"http:\/\/lindaorganica.com\/?post_type=product&#038;p=546"},"modified":"2025-05-09T04:50:06","modified_gmt":"2025-05-09T01:50:06","slug":"splat-professional-biocalcium","status":"publish","type":"product","link":"https:\/\/lindaorganica.com\/en\/product\/splat-professional-biocalcium\/","title":{"rendered":"SPLAT Professional Biocalcium"},"content":{"rendered":"<p>SPLAT\u00ae PROFESSIONAL BIOCALCIUM\u00ae es un dent\u00edfrico con calcio bioactivo obtenido de la c\u00e1scara de huevo que contribuye a la remineralizaci\u00f3n del esmalte. El innovador sistema Sp.White abrillanta el esmalte y promueve la salud bucal &#8211; la enzima natural de la papaya (papa\u00edna) y las part\u00edculas pulidoras redondeadas de s\u00edlice ayudan a eliminar las manchas superficiales y la placa dental, el Polydon (PVP)- componente formador de pel\u00edcula, cubre los dientes con una pel\u00edcula protectora, contribuyendo eficazmente a la limpieza a largo plazo. hipersensibilidad. El calcio activo refuerza el esmalte.<br \/>\nINGREDIENTES<br \/>\nAgua, S\u00edlice hidratada, Hidrolizado de almid\u00f3n hidrogenado, PEG-8, Coco-sulfato s\u00f3dico, Goma de celulosa, Aroma, Lactato de calcio, CI 77891, Bicarbonato s\u00f3dico, Metilparabeno s\u00f3dico, Hidroxiapatita, PVP, Sacarina s\u00f3dica, Aceite de pescado, Papa\u00edna, Limoneno. Sin fl\u00faor.<\/p>\n<p>Libre de:<br \/>\nSLES, clorhexidina, fl\u00faor, colorantes sint\u00e9ticos.<\/p>\n","protected":false},"excerpt":{"rendered":"<p>SPLAT\u00ae PROFESSIONAL BIOCALCIUM\u00ae es un dent\u00edfrico con calcio bioactivo obtenido de la c\u00e1scara de huevo que contribuye a la remineralizaci\u00f3n del esmalte. El innovador sistema&#8230;<\/p>\n","protected":false},"featured_media":623,"template":"","meta":[],"product_brand":[],"product_cat":[16,21,41],"product_tag":[],"class_list":{"0":"post-546","1":"product","2":"type-product","3":"status-publish","4":"has-post-thumbnail","6":"product_cat-showroom","7":"product_cat-splat","8":"product_cat-toothpaste","10":"first","11":"instock","12":"taxable","13":"shipping-taxable","14":"purchasable","15":"product-type-simple"},"translation":{"provider":"WPGlobus","version":"3.0.0","language":"en","enabled_languages":["es","en"],"languages":{"es":{"title":true,"content":true,"excerpt":false},"en":{"title":false,"content":false,"excerpt":false}}},"acf":[],"_links":{"self":[{"href":"https:\/\/lindaorganica.com\/en\/wp-json\/wp\/v2\/product\/546","targetHints":{"allow":["GET"]}}],"collection":[{"href":"https:\/\/lindaorganica.com\/en\/wp-json\/wp\/v2\/product"}],"about":[{"href":"https:\/\/lindaorganica.com\/en\/wp-json\/wp\/v2\/types\/product"}],"wp:featuredmedia":[{"embeddable":true,"href":"https:\/\/lindaorganica.com\/en\/wp-json\/wp\/v2\/media\/623"}],"wp:attachment":[{"href":"https:\/\/lindaorganica.com\/en\/wp-json\/wp\/v2\/media?parent=546"}],"wp:term":[{"taxonomy":"product_brand","embeddable":true,"href":"https:\/\/lindaorganica.com\/en\/wp-json\/wp\/v2\/product_brand?post=546"},{"taxonomy":"product_cat","embeddable":true,"href":"https:\/\/lindaorganica.com\/en\/wp-json\/wp\/v2\/product_cat?post=546"},{"taxonomy":"product_tag","embeddable":true,"href":"https:\/\/lindaorganica.com\/en\/wp-json\/wp\/v2\/product_tag?post=546"}],"curies":[{"name":"wp","href":"https:\/\/api.w.org\/{rel}","templated":true}]}}