{"id":544,"date":"2024-08-06T14:32:30","date_gmt":"2024-08-06T11:32:30","guid":{"rendered":"http:\/\/lindaorganica.com\/?post_type=product&#038;p=544"},"modified":"2025-05-09T04:49:15","modified_gmt":"2025-05-09T01:49:15","slug":"splat-professional-active","status":"publish","type":"product","link":"https:\/\/lindaorganica.com\/en\/product\/splat-professional-active\/","title":{"rendered":"SPLAT Professional Active"},"content":{"rendered":"<p>SPLAT PROFESSIONAL ACTIVE es un dent\u00edfrico oscuro especial con extractos activos de Baikal Skullcap, Bergenia y Spirulina. La Escutelaria del Baikal (extracto de ra\u00edz de Scutellaria Baicalensis) ayuda a prevenir la formaci\u00f3n de placa dental. El extracto de algas marinas (Spirulina Platensis) y el aceite esencial de girasol proporcionan un efecto calmante en las enc\u00edas. El palmitato de retinol (vitamina A) y el acetato de tocoferol (vitamina E) ayudan a cuidar los tejidos blandos de la boca.<br \/>\nEl innovador sistema Sp.White abrillanta el esmalte y favorece la salud bucal: la enzima natural de la papaya (papa\u00edna) y las part\u00edculas pulidoras redondeadas de s\u00edlice ayudan a eliminar las manchas superficiales y la placa dental, el Polydon (PVP)-componente formador de pel\u00edcula, cubre los dientes con una pel\u00edcula protectora, contribuyendo eficazmente a la limpieza a largo plazo. El calcio activo refuerza el esmalte. El glicerofosfato de calcio ayuda a fortalecer el esmalte dental y activar los procesos de remineralizaci\u00f3n. El monofluorofosfato de sodio protege de la caries.<br \/>\nINGREDIENTES<br \/>\nHidrolizado de Almid\u00f3n Hidrogenado, S\u00edlice Hidratada, Agua, PEG-8, Coco-Sulfato de Sodio, Goma de Celulosa, Aroma, Monofluorofosfato de Sodio, Extracto de Hoja de Bergenia Crassifolia, Goma Xantana, PVP, Metilparabeno de Sodio, glicerofosfato c\u00e1lcico, extracto de ra\u00edz de Scutellaria Baicalensis, goma de Acacia Seyal, sacarina s\u00f3dica, extracto de Spirulina Platensis, papa\u00edna, acetato de tocoferilo, palmitato de retinol, aceite de semilla de Helianthus Annuus, BHT, limoneno. Contenido en fl\u00faor &#8211; 0,1 % (1000 ppm).<\/p>\n<p>Libre de:<br \/>\nSL\u0415S, clorhexidina, colorantes sint\u00e9ticos, productos de origen animal.<\/p>\n","protected":false},"excerpt":{"rendered":"<p>SPLAT PROFESSIONAL ACTIVE es un dent\u00edfrico oscuro especial con extractos activos de Baikal Skullcap, Bergenia y Spirulina. La Escutelaria del Baikal (extracto de ra\u00edz de&#8230;<\/p>\n","protected":false},"featured_media":426,"template":"","meta":[],"product_brand":[],"product_cat":[16,21,41],"product_tag":[],"class_list":{"0":"post-544","1":"product","2":"type-product","3":"status-publish","4":"has-post-thumbnail","6":"product_cat-showroom","7":"product_cat-splat","8":"product_cat-toothpaste","10":"first","11":"instock","12":"taxable","13":"shipping-taxable","14":"purchasable","15":"product-type-simple"},"translation":{"provider":"WPGlobus","version":"3.0.0","language":"en","enabled_languages":["es","en"],"languages":{"es":{"title":true,"content":true,"excerpt":false},"en":{"title":false,"content":false,"excerpt":false}}},"acf":[],"_links":{"self":[{"href":"https:\/\/lindaorganica.com\/en\/wp-json\/wp\/v2\/product\/544","targetHints":{"allow":["GET"]}}],"collection":[{"href":"https:\/\/lindaorganica.com\/en\/wp-json\/wp\/v2\/product"}],"about":[{"href":"https:\/\/lindaorganica.com\/en\/wp-json\/wp\/v2\/types\/product"}],"wp:featuredmedia":[{"embeddable":true,"href":"https:\/\/lindaorganica.com\/en\/wp-json\/wp\/v2\/media\/426"}],"wp:attachment":[{"href":"https:\/\/lindaorganica.com\/en\/wp-json\/wp\/v2\/media?parent=544"}],"wp:term":[{"taxonomy":"product_brand","embeddable":true,"href":"https:\/\/lindaorganica.com\/en\/wp-json\/wp\/v2\/product_brand?post=544"},{"taxonomy":"product_cat","embeddable":true,"href":"https:\/\/lindaorganica.com\/en\/wp-json\/wp\/v2\/product_cat?post=544"},{"taxonomy":"product_tag","embeddable":true,"href":"https:\/\/lindaorganica.com\/en\/wp-json\/wp\/v2\/product_tag?post=544"}],"curies":[{"name":"wp","href":"https:\/\/api.w.org\/{rel}","templated":true}]}}