{"id":542,"date":"2024-08-06T14:26:45","date_gmt":"2024-08-06T11:26:45","guid":{"rendered":"http:\/\/lindaorganica.com\/?post_type=product&#038;p=542"},"modified":"2025-05-09T04:48:30","modified_gmt":"2025-05-09T01:48:30","slug":"splat-professional-medical-herbs","status":"publish","type":"product","link":"https:\/\/lindaorganica.com\/en\/product\/splat-professional-medical-herbs\/","title":{"rendered":"SPLAT Professional Medical Herbs"},"content":{"rendered":"<p>SPLAT PROFESSIONAL MEDICAL HERBS es la pasta dent\u00edfrica en gel de color esmeralda, que contiene extractos de Salvia, Manzanilla y Espino Blanco para un cuidado eficaz de las enc\u00edas y los dientes. El calcio obtenido de la c\u00e1scara de huevo contribuye a la remineralizaci\u00f3n del esmalte. El extracto de flor de espino blanco (Crataegus Monogyna Flower Extract) y el aceite esencial de geranio (Pelargonium Graveolens Stem Leaf Oil) tienen un efecto calmante sobre las enc\u00edas.<br \/>\nEl innovador sistema Sp.White abrillanta el esmalte y favorece la salud bucal &#8211; la enzima natural de la papaya (Papa\u00edna) y las part\u00edculas pulidoras redondeadas de s\u00edlice ayudan a eliminar las manchas superficiales y la placa dental, el Polydon (PVP)- componente formador de pel\u00edcula, cubre los dientes con una pel\u00edcula protectora, contribuyendo eficazmente a la limpieza a largo plazo.<br \/>\nINGREDIENTES<br \/>\nHidrolizado de Almid\u00f3n Hidrogenado, S\u00edlice Hidratada, Agua, PEG-8, Coco-Sulfato de Sodio, Aroma, Goma Xantana, Lactato de Calcio, Monofluorofosfato de Sodio, PVP, Metilparabeno de Sodio, Sacarina de Sodio, Propilenglicol, Extracto de Fruta de Hippophae Rhamnoides, Crataegus Monogyna Fruit Extract, Chamomilla Recutita Flower Extract, Salvia Officinalis Extract, Helianthus Annuus Seed Oil, Papa\u00edna, Pelargonium Graveolens Stem Leaf Oil, CI 42090, CI 19140, \u00c1cido c\u00edtrico, Benzoato s\u00f3dico, Sorbato pot\u00e1sico, Limoneno. Contenido en fl\u00faor &#8211; 0,1 % (1000 ppm).<br \/>\nLibre de:<br \/>\nSLES, clorhexidina, aromas sint\u00e9ticos.<\/p>\n","protected":false},"excerpt":{"rendered":"<p>SPLAT PROFESSIONAL MEDICAL HERBS es la pasta dent\u00edfrica en gel de color esmeralda, que contiene extractos de Salvia, Manzanilla y Espino Blanco para un cuidado&#8230;<\/p>\n","protected":false},"featured_media":624,"template":"","meta":[],"product_brand":[],"product_cat":[16,21,41],"product_tag":[],"class_list":{"0":"post-542","1":"product","2":"type-product","3":"status-publish","4":"has-post-thumbnail","6":"product_cat-showroom","7":"product_cat-splat","8":"product_cat-toothpaste","10":"first","11":"instock","12":"taxable","13":"shipping-taxable","14":"purchasable","15":"product-type-simple"},"translation":{"provider":"WPGlobus","version":"3.0.0","language":"en","enabled_languages":["es","en"],"languages":{"es":{"title":true,"content":true,"excerpt":false},"en":{"title":false,"content":false,"excerpt":false}}},"acf":[],"_links":{"self":[{"href":"https:\/\/lindaorganica.com\/en\/wp-json\/wp\/v2\/product\/542","targetHints":{"allow":["GET"]}}],"collection":[{"href":"https:\/\/lindaorganica.com\/en\/wp-json\/wp\/v2\/product"}],"about":[{"href":"https:\/\/lindaorganica.com\/en\/wp-json\/wp\/v2\/types\/product"}],"wp:featuredmedia":[{"embeddable":true,"href":"https:\/\/lindaorganica.com\/en\/wp-json\/wp\/v2\/media\/624"}],"wp:attachment":[{"href":"https:\/\/lindaorganica.com\/en\/wp-json\/wp\/v2\/media?parent=542"}],"wp:term":[{"taxonomy":"product_brand","embeddable":true,"href":"https:\/\/lindaorganica.com\/en\/wp-json\/wp\/v2\/product_brand?post=542"},{"taxonomy":"product_cat","embeddable":true,"href":"https:\/\/lindaorganica.com\/en\/wp-json\/wp\/v2\/product_cat?post=542"},{"taxonomy":"product_tag","embeddable":true,"href":"https:\/\/lindaorganica.com\/en\/wp-json\/wp\/v2\/product_tag?post=542"}],"curies":[{"name":"wp","href":"https:\/\/api.w.org\/{rel}","templated":true}]}}