{"id":536,"date":"2024-08-05T17:46:55","date_gmt":"2024-08-05T14:46:55","guid":{"rendered":"http:\/\/lindaorganica.com\/?post_type=product&#038;p=536"},"modified":"2025-05-23T16:31:41","modified_gmt":"2025-05-23T13:31:41","slug":"biomed-gum-health-98-pasta-dental","status":"publish","type":"product","link":"https:\/\/lindaorganica.com\/en\/product\/biomed-gum-health-98-pasta-dental\/","title":{"rendered":"BIOMED Gum Health 98% Pasta Dental"},"content":{"rendered":"<p>Los extractos de plantas proporcionan a la pasta de dientes Biomed\u00ae GUM HEALTH su sabor refrescante y mantienen sanas las enc\u00edas y fresco el aliento. \u00a1Sum\u00e9rgete en total armon\u00eda con la naturaleza! &#8211; 30 segundos para limpiar los dientes; &#8211; 12 horas de efecto de limpieza; &#8211; 98% Natural; &#8211; 18 ingredientes naturales clave.<br \/>\n\u00a1Efecto de limpieza cl\u00ednicamente probado en 30 segundos! Para obtener resultados \u00f3ptimos se recomienda cepillarse los dientes durante 2 minutos. La pasta dental est\u00e1 recomendada para toda la familia: ni\u00f1os a partir de 6 a\u00f1os y adultos.<br \/>\nINGREDIENTES<br \/>\nSodium Coco-Sulfate, Cellulose Gum, Aroma, Zinc Gluconate, Benzyl Alcohol, Decyl Glucoside, Mentha Piperita Oil, Tetrasodium Glutamate Diacetate, Menthyl Lactate, Hydroxyapatite, Linum Usitatissimum Seed Oil, Arginine, Rosa Canina Fruit Oil, Stevia Rebaudiana Leaf Extract, Trans-Anethole, Eucalyptus Globulus Leaf Oil, Rosmarinus Officinalis Leaf Oil, Helianthus Annuus Seed Oil, CI 75810, Betula Alba Leaf Extract, Plantago Major Leaf Extract, Salvia Officinalis Leaf Extract, Sodium Bicarbonate, Salvia Officinalis Oil, Cedrus Atlantica Bark Oil, Sodium Benzoate, Chamomilla Recutita Flower Extract, Potassium Sorbate, Sodium Hydroxide, Populus Tremuloides Bark Extract, Citric Acid, Tocopherol, Rosmarinus Officinalis Extract, Limonene.<br \/>\nFree from:<br \/>\nSLES, PEG, saccharin, fluoride.<\/p>\n","protected":false},"excerpt":{"rendered":"<p>Los extractos de plantas proporcionan a la pasta de dientes Biomed\u00ae GUM HEALTH su sabor refrescante y mantienen sanas las enc\u00edas y fresco el aliento&#8230;.<\/p>\n","protected":false},"featured_media":432,"template":"","meta":[],"product_brand":[],"product_cat":[16,23,41],"product_tag":[],"class_list":{"0":"post-536","1":"product","2":"type-product","3":"status-publish","4":"has-post-thumbnail","6":"product_cat-showroom","7":"product_cat-biomed","8":"product_cat-toothpaste","10":"first","11":"instock","12":"taxable","13":"shipping-taxable","14":"purchasable","15":"product-type-simple"},"translation":{"provider":"WPGlobus","version":"3.0.0","language":"en","enabled_languages":["es","en"],"languages":{"es":{"title":true,"content":true,"excerpt":false},"en":{"title":false,"content":false,"excerpt":false}}},"acf":[],"_links":{"self":[{"href":"https:\/\/lindaorganica.com\/en\/wp-json\/wp\/v2\/product\/536","targetHints":{"allow":["GET"]}}],"collection":[{"href":"https:\/\/lindaorganica.com\/en\/wp-json\/wp\/v2\/product"}],"about":[{"href":"https:\/\/lindaorganica.com\/en\/wp-json\/wp\/v2\/types\/product"}],"wp:featuredmedia":[{"embeddable":true,"href":"https:\/\/lindaorganica.com\/en\/wp-json\/wp\/v2\/media\/432"}],"wp:attachment":[{"href":"https:\/\/lindaorganica.com\/en\/wp-json\/wp\/v2\/media?parent=536"}],"wp:term":[{"taxonomy":"product_brand","embeddable":true,"href":"https:\/\/lindaorganica.com\/en\/wp-json\/wp\/v2\/product_brand?post=536"},{"taxonomy":"product_cat","embeddable":true,"href":"https:\/\/lindaorganica.com\/en\/wp-json\/wp\/v2\/product_cat?post=536"},{"taxonomy":"product_tag","embeddable":true,"href":"https:\/\/lindaorganica.com\/en\/wp-json\/wp\/v2\/product_tag?post=536"}],"curies":[{"name":"wp","href":"https:\/\/api.w.org\/{rel}","templated":true}]}}