{"id":534,"date":"2024-08-05T17:39:54","date_gmt":"2024-08-05T14:39:54","guid":{"rendered":"http:\/\/lindaorganica.com\/?post_type=product&#038;p=534"},"modified":"2025-05-23T16:31:54","modified_gmt":"2025-05-23T13:31:54","slug":"biomed-superwhite-97-pasta-dental","status":"publish","type":"product","link":"https:\/\/lindaorganica.com\/en\/product\/biomed-superwhite-97-pasta-dental\/","title":{"rendered":"BIOMED Superwhite 97% Pasta Dental"},"content":{"rendered":"<p>Biomed\u00ae SUPERWHITE pasta de dientes blanqueadora con aceite de coco natural y extracto de pi\u00f1a para blanquear suavemente el esmalte de los dientes sensibles. \u00a1Una sonrisa blanca y saludable ser\u00e1 tu tarjeta de visita! &#8211; 30 segundos para limpiar los dientes; &#8211; 12 horas de efecto de limpieza; &#8211; 99% Natural; &#8211; 15 ingredientes naturales clave.<br \/>\nEfecto de limpieza cl\u00ednicamente probado en 30 segundos! Para obtener resultados \u00f3ptimos se recomienda cepillarse los dientes durante 2 minutos. La pasta dental est\u00e1 recomendada para toda la familia: ni\u00f1os a partir de 6 a\u00f1os<br \/>\nINGREDIENTES<br \/>\nAqua, Hydrated Silica, Hydrogenated Starch Hydrolysate, Dicalcium Phosphate Dihydrate, Glycerin, Sodium Coco-Sulfate, Cellulose Gum, Aroma, Zinc Gluconate, Benzyl Alcohol, Mentha Piperita Oil, Menthyl Lactate, Stevia Rebaudiana Leaf Extract, Tetrasodium Glutamate Diacetate, Hydroxyapatite, Arginine, Cocos Nucifera Oil, Cinnamomum Cassia Bark Extract, Decyl Glucoside, Ananas Sativus Fruit Extract, Maltodextrin, Cinnamomum Camphora Bark Oil, Thymus Serpillum Oil, Betula Alba Leaf Extract, Plantago Major Leaf Extract, Sodium Bicarbonate, Populus Tremuloides Bark Extract, Sodium Hydroxide, Helianthus Annuus Seed Oil, Sodium Benzoate, Potassium Sorbate, Limonene.<\/p>\n","protected":false},"excerpt":{"rendered":"<p>Biomed\u00ae SUPERWHITE pasta de dientes blanqueadora con aceite de coco natural y extracto de pi\u00f1a para blanquear suavemente el esmalte de los dientes sensibles. \u00a1Una&#8230;<\/p>\n","protected":false},"featured_media":436,"template":"","meta":[],"product_brand":[],"product_cat":[16,23,41],"product_tag":[],"class_list":{"0":"post-534","1":"product","2":"type-product","3":"status-publish","4":"has-post-thumbnail","6":"product_cat-showroom","7":"product_cat-biomed","8":"product_cat-toothpaste","10":"first","11":"instock","12":"taxable","13":"shipping-taxable","14":"purchasable","15":"product-type-simple"},"translation":{"provider":"WPGlobus","version":"3.0.0","language":"en","enabled_languages":["es","en"],"languages":{"es":{"title":true,"content":true,"excerpt":false},"en":{"title":false,"content":false,"excerpt":false}}},"acf":[],"_links":{"self":[{"href":"https:\/\/lindaorganica.com\/en\/wp-json\/wp\/v2\/product\/534","targetHints":{"allow":["GET"]}}],"collection":[{"href":"https:\/\/lindaorganica.com\/en\/wp-json\/wp\/v2\/product"}],"about":[{"href":"https:\/\/lindaorganica.com\/en\/wp-json\/wp\/v2\/types\/product"}],"wp:featuredmedia":[{"embeddable":true,"href":"https:\/\/lindaorganica.com\/en\/wp-json\/wp\/v2\/media\/436"}],"wp:attachment":[{"href":"https:\/\/lindaorganica.com\/en\/wp-json\/wp\/v2\/media?parent=534"}],"wp:term":[{"taxonomy":"product_brand","embeddable":true,"href":"https:\/\/lindaorganica.com\/en\/wp-json\/wp\/v2\/product_brand?post=534"},{"taxonomy":"product_cat","embeddable":true,"href":"https:\/\/lindaorganica.com\/en\/wp-json\/wp\/v2\/product_cat?post=534"},{"taxonomy":"product_tag","embeddable":true,"href":"https:\/\/lindaorganica.com\/en\/wp-json\/wp\/v2\/product_tag?post=534"}],"curies":[{"name":"wp","href":"https:\/\/api.w.org\/{rel}","templated":true}]}}