{"id":384,"date":"2024-08-05T17:03:46","date_gmt":"2024-08-05T14:03:46","guid":{"rendered":"http:\/\/lindaorganica.com\/?post_type=product&#038;p=384"},"modified":"2025-06-06T15:12:58","modified_gmt":"2025-06-06T12:12:58","slug":"%d1%81itrus-fresh-97-pasta-dental","status":"publish","type":"product","link":"https:\/\/lindaorganica.com\/en\/product\/%d1%81itrus-fresh-97-pasta-dental\/","title":{"rendered":"BIOMED \u0421itrus Fresh 97% Pasta Dental"},"content":{"rendered":"<p>BIOMED\u00ae CITRUS FRESH \u2014 Pasta dental natural para el cuidado completo. Los aceites esenciales naturales de pomelo, clementina y lim\u00f3n brindan un aliento fresco y cuidan las enc\u00edas junto con el bisabolol. Polydon\u00ae (PVP), componente formador de pel\u00edcula, cubre los dientes con una pel\u00edcula protectora contribuyendo eficazmente a la limpieza a largo plazo, proporciona altas propiedades limpiadoras. La enzima natural bromelina, derivada del extracto de pi\u00f1a, y las part\u00edculas pulidoras redondeadas de s\u00edlice ayudan a eliminar las manchas superficiales y la placa dental, blanqueando suavemente los dientes. El glicerofosfato de calcio ayuda a fortalecer el esmalte dental y favorece su remineralizaci\u00f3n, la L-Arginina protege contra la caries. Los extractos de enebro, llant\u00e9n y hojas de abedul ejercen un efecto calmante sobre las enc\u00edas. El lactato de mentol brinda una sensaci\u00f3n de frescura en combinaci\u00f3n con las sales de zinc y el aceite esencial de menta. El extracto de stevia (edulcorante natural) cuida los tejidos blandos de la boca y favorece la salud de las enc\u00edas. Recomendado para toda la familia: ni\u00f1os a partir de 6 a\u00f1os y adultos. 20 INGREDIENTES DE ORIGEN NATURAL LIMPIEZA Y FRESCURA DURADERAS PARA TODA LA FAMILIA: NI\u00d1OS A PARTIR DE 6 A\u00d1OS Probado cl\u00ednicamente<\/p>\n<p>97% NATURAL ORIGIN. Halal certification. Vegetarian certification. Gluten- free certification. Natural Certified (Biorius).<br \/>\nINGREDIENTES<br \/>\nAqua, Hydrated Silica, Hydrogenated Starch Hydrolysate, Glycerin, Sodium Coco-Sulfate, Cellulose Gum, Aroma, Benzyl Alcohol, PVP, Zinc Gluconate, Xanthan Gum, Calcium Glycerophosphate, Mentha Piperita Oil, Tetrasodium Glutamate Diacetate, Stevia Rebaudiana Leaf Extract, Menthyl Lactate, Citrus Limon Peel Oil, Citrus Paradisi Peel Oil, Bisabolol, Betula Alba Leaf Extract, Juniperus Communis Sprout Extract, Plantago Major Leaf Extract, Ananas Sativus Fruit Extract, Maltodextrin, Arginine, CI 19140, Helianthus Annuus Seed Oil, Sodium Chloride, Sodium Hydroxide, CI 14720, Citrus Reticulata Peel Oil, Limonene.<\/p>\n<p>Free from:<br \/>\nSLES, SACCHARIN, FLUORIDE, CHLORHEXIDINE, PEG<\/p>\n","protected":false},"excerpt":{"rendered":"<p>BIOMED\u00ae CITRUS FRESH \u2014 Pasta dental natural para el cuidado completo. Los aceites esenciales naturales de pomelo, clementina y lim\u00f3n brindan un aliento fresco y&#8230;<\/p>\n","protected":false},"featured_media":429,"template":"","meta":[],"product_brand":[],"product_cat":[16,23,41],"product_tag":[],"class_list":{"0":"post-384","1":"product","2":"type-product","3":"status-publish","4":"has-post-thumbnail","6":"product_cat-showroom","7":"product_cat-biomed","8":"product_cat-toothpaste","10":"first","11":"instock","12":"taxable","13":"shipping-taxable","14":"purchasable","15":"product-type-simple"},"translation":{"provider":"WPGlobus","version":"3.0.0","language":"en","enabled_languages":["es","en"],"languages":{"es":{"title":true,"content":true,"excerpt":false},"en":{"title":false,"content":false,"excerpt":false}}},"acf":[],"_links":{"self":[{"href":"https:\/\/lindaorganica.com\/en\/wp-json\/wp\/v2\/product\/384","targetHints":{"allow":["GET"]}}],"collection":[{"href":"https:\/\/lindaorganica.com\/en\/wp-json\/wp\/v2\/product"}],"about":[{"href":"https:\/\/lindaorganica.com\/en\/wp-json\/wp\/v2\/types\/product"}],"wp:featuredmedia":[{"embeddable":true,"href":"https:\/\/lindaorganica.com\/en\/wp-json\/wp\/v2\/media\/429"}],"wp:attachment":[{"href":"https:\/\/lindaorganica.com\/en\/wp-json\/wp\/v2\/media?parent=384"}],"wp:term":[{"taxonomy":"product_brand","embeddable":true,"href":"https:\/\/lindaorganica.com\/en\/wp-json\/wp\/v2\/product_brand?post=384"},{"taxonomy":"product_cat","embeddable":true,"href":"https:\/\/lindaorganica.com\/en\/wp-json\/wp\/v2\/product_cat?post=384"},{"taxonomy":"product_tag","embeddable":true,"href":"https:\/\/lindaorganica.com\/en\/wp-json\/wp\/v2\/product_tag?post=384"}],"curies":[{"name":"wp","href":"https:\/\/api.w.org\/{rel}","templated":true}]}}