{"id":1414,"date":"2025-10-13T04:14:30","date_gmt":"2025-10-13T01:14:30","guid":{"rendered":"https:\/\/lindaorganica.com\/?post_type=product&#038;p=1414"},"modified":"2025-10-13T04:15:24","modified_gmt":"2025-10-13T01:15:24","slug":"1414","status":"publish","type":"product","link":"https:\/\/lindaorganica.com\/en\/product\/1414\/","title":{"rendered":"Hilo dental BIOMED con sabor a menta y yuzu"},"content":{"rendered":"<p>Hilo dental BIOMED con sabor a menta y yuzu<br \/>\nGracias a la tecnolog\u00eda patentada Riser Floss, nuestro hilo dental se estira y expande suavemente entre los dientes. Tiene una elasticidad natural que permite limpiar las zonas de dif\u00edcil acceso sin da\u00f1ar los dientes ni las enc\u00edas. El hilo dental Biomed elimina eficazmente la placa y ayuda a proteger contra la caries gracias a su componente antibacteriano Biosol. El sabor a menta y yuzu aporta un toque tropical refrescante a tu rutina diaria de cuidado dental.<\/p>\n","protected":false},"excerpt":{"rendered":"<p>Hilo dental BIOMED con sabor a menta y yuzu<\/p>\n","protected":false},"featured_media":1413,"template":"","meta":[],"product_brand":[],"product_cat":[23],"product_tag":[],"class_list":{"0":"post-1414","1":"product","2":"type-product","3":"status-publish","4":"has-post-thumbnail","6":"product_cat-biomed","8":"first","9":"instock","10":"taxable","11":"shipping-taxable","12":"purchasable","13":"product-type-simple"},"translation":{"provider":"WPGlobus","version":"3.0.0","language":"en","enabled_languages":["es","en"],"languages":{"es":{"title":true,"content":true,"excerpt":true},"en":{"title":false,"content":false,"excerpt":false}}},"acf":[],"_links":{"self":[{"href":"https:\/\/lindaorganica.com\/en\/wp-json\/wp\/v2\/product\/1414","targetHints":{"allow":["GET"]}}],"collection":[{"href":"https:\/\/lindaorganica.com\/en\/wp-json\/wp\/v2\/product"}],"about":[{"href":"https:\/\/lindaorganica.com\/en\/wp-json\/wp\/v2\/types\/product"}],"wp:featuredmedia":[{"embeddable":true,"href":"https:\/\/lindaorganica.com\/en\/wp-json\/wp\/v2\/media\/1413"}],"wp:attachment":[{"href":"https:\/\/lindaorganica.com\/en\/wp-json\/wp\/v2\/media?parent=1414"}],"wp:term":[{"taxonomy":"product_brand","embeddable":true,"href":"https:\/\/lindaorganica.com\/en\/wp-json\/wp\/v2\/product_brand?post=1414"},{"taxonomy":"product_cat","embeddable":true,"href":"https:\/\/lindaorganica.com\/en\/wp-json\/wp\/v2\/product_cat?post=1414"},{"taxonomy":"product_tag","embeddable":true,"href":"https:\/\/lindaorganica.com\/en\/wp-json\/wp\/v2\/product_tag?post=1414"}],"curies":[{"name":"wp","href":"https:\/\/api.w.org\/{rel}","templated":true}]}}