{"id":683,"date":"2024-09-25T10:32:13","date_gmt":"2024-09-25T07:32:13","guid":{"rendered":"http:\/\/lindaorganica.com\/?page_id=683"},"modified":"2024-12-01T23:10:24","modified_gmt":"2024-12-01T20:10:24","slug":"questions-and-answers","status":"publish","type":"page","link":"https:\/\/lindaorganica.com\/en\/questions-and-answers\/","title":{"rendered":"Preguntas y respuestas"},"content":{"rendered":"<section class=\"faq-block\">\n    <div class=\"wrapper\">\n        <div class=\"faq\">\n            <div class=\"faq-body\">\n               <div class=\"faq-title\">\n                  <h2>Reembolso<\/h2>\n               <\/div>\n               <div class=\"faq-list\">\n                                 <div class=\"faq-item\">\n                     <div class=\"faq-item-question\">\n                        <div class=\"faq-item-question-text\">Puedo devolver mi pedido?<\/div>\n                        <div class=\"faq-item-question-arrow\">\n                           <img decoding=\"async\" src=\"https:\/\/lindaorganica.com\/wp-content\/themes\/lindaorganica\/assets\/img\/arrow.png\" alt=\"Arrow\">\n                        <\/div>\n                     <\/div>\n                     <div class=\"faq-item-answer\">\n                        <div class=\"faq-item-answer-wrapper\">\n                           <div class=\"faq-item-answer-body\">\n                              <p class=\"faq-item-answer-text\">Claro que puedes. Si no te gusta el producto, no te preocupes, puedes devolverlo gratis. Para ello, env\u00edenos un correo electr\u00f3nico a gerente@lindaolganica.com , con una solicitud de devoluci\u00f3n y y te devolveremos el dinero\r\n<\/p>\n                                                         <\/div>\n                        <\/div>\n                     <\/div>\n                  <\/div>\n                                 <div class=\"faq-item\">\n                     <div class=\"faq-item-question\">\n                        <div class=\"faq-item-question-text\">\u00bfQu\u00e9 debo hacer si el producto llega roto o defectuoso?<\/div>\n                        <div class=\"faq-item-question-arrow\">\n                           <img decoding=\"async\" src=\"https:\/\/lindaorganica.com\/wp-content\/themes\/lindaorganica\/assets\/img\/arrow.png\" alt=\"Arrow\">\n                        <\/div>\n                     <\/div>\n                     <div class=\"faq-item-answer\">\n                        <div class=\"faq-item-answer-wrapper\">\n                           <div class=\"faq-item-answer-body\">\n                              <p class=\"faq-item-answer-text\">No te preocupes! Aunque controlamos la calidad y preparamos cada env\u00edo a mano utilizando un embalaje protector ecol\u00f3gico, si surge alg\u00fan problema, por favor env\u00edanos un correo a gerente@lindaorganica.com tan pronto como recibas el paquete, y lo resolveremos lo antes posible.\r\nTe enviaremos un nuevo lote de productos defectuosos sin costo alguno.<\/p>\n                                                         <\/div>\n                        <\/div>\n                     <\/div>\n                  <\/div>\n                              <\/div>\n            <\/div>\n        <\/div>\n    <\/div>\n<\/section>\n\n<section class=\"faq-block\">\n    <div class=\"wrapper\">\n        <div class=\"faq\">\n            <div class=\"faq-body\">\n               <div class=\"faq-title\">\n                  <h2>Env\u00edo como regalo<\/h2>\n               <\/div>\n               <div class=\"faq-list\">\n                                 <div class=\"faq-item\">\n                     <div class=\"faq-item-question\">\n                        <div class=\"faq-item-question-text\">Puedo enviar mi pedido como un regalo?<\/div>\n                        <div class=\"faq-item-question-arrow\">\n                           <img decoding=\"async\" src=\"https:\/\/lindaorganica.com\/wp-content\/themes\/lindaorganica\/assets\/img\/arrow.png\" alt=\"Arrow\">\n                        <\/div>\n                     <\/div>\n                     <div class=\"faq-item-answer\">\n                        <div class=\"faq-item-answer-wrapper\">\n                           <div class=\"faq-item-answer-body\">\n                              <p class=\"faq-item-answer-text\">Al finalizar la compra, puedes seleccionar la opci\u00f3n &#8220;Ordenar para un amigo&#8221;. Todos los art\u00edculos pedidos se colocar\u00e1n en esta caja.<\/p>\n                                                         <\/div>\n                        <\/div>\n                     <\/div>\n                  <\/div>\n                                 <div class=\"faq-item\">\n                     <div class=\"faq-item-question\">\n                        <div class=\"faq-item-question-text\">\u00bfEs posible agregar una tarjeta de felicitaci\u00f3n al pedido?<\/div>\n                        <div class=\"faq-item-question-arrow\">\n                           <img decoding=\"async\" src=\"https:\/\/lindaorganica.com\/wp-content\/themes\/lindaorganica\/assets\/img\/arrow.png\" alt=\"Arrow\">\n                        <\/div>\n                     <\/div>\n                     <div class=\"faq-item-answer\">\n                        <div class=\"faq-item-answer-wrapper\">\n                           <div class=\"faq-item-answer-body\">\n                              <p class=\"faq-item-answer-text\">S\u00ed, pronto lo haremos.<\/p>\n                                                         <\/div>\n                        <\/div>\n                     <\/div>\n                  <\/div>\n                              <\/div>\n            <\/div>\n        <\/div>\n    <\/div>\n<\/section>\n\n<section class=\"faq-block\">\n    <div class=\"wrapper\">\n        <div class=\"faq\">\n            <div class=\"faq-body\">\n               <div class=\"faq-title\">\n                  <h2>Comprobante<\/h2>\n               <\/div>\n               <div class=\"faq-list\">\n                                 <div class=\"faq-item\">\n                     <div class=\"faq-item-question\">\n                        <div class=\"faq-item-question-text\">C\u00f3mo puedo obtener mi factura?<\/div>\n                        <div class=\"faq-item-question-arrow\">\n                           <img decoding=\"async\" src=\"https:\/\/lindaorganica.com\/wp-content\/themes\/lindaorganica\/assets\/img\/arrow.png\" alt=\"Arrow\">\n                        <\/div>\n                     <\/div>\n                     <div class=\"faq-item-answer\">\n                        <div class=\"faq-item-answer-wrapper\">\n                           <div class=\"faq-item-answer-body\">\n                              <p class=\"faq-item-answer-text\">Al realizar tu pedido, puedes elegir entre dos opciones:\r\n1 &#8211; Recibir la factura por correo electr\u00f3nico (la opci\u00f3n m\u00e1s ecol\u00f3gica)\r\n2 &#8211; Incluirla en el envio\r\nEncontrar\u00e1s esta opci\u00f3n en el paso &#8220;Opciones de entrega&#8221;. Te recomendamos elegir la opci\u00f3n &#8220;de forma ecol\u00f3gica a tu direcci\u00f3n de correo electr\u00f3nico&#8221;.<\/p>\n                                                         <\/div>\n                        <\/div>\n                     <\/div>\n                  <\/div>\n                              <\/div>\n            <\/div>\n        <\/div>\n    <\/div>\n<\/section>","protected":false},"excerpt":{"rendered":"","protected":false},"author":1,"featured_media":0,"parent":0,"menu_order":0,"comment_status":"closed","ping_status":"closed","template":"","meta":{"footnotes":""},"class_list":["post-683","page","type-page","status-publish","hentry"],"translation":{"provider":"WPGlobus","version":"3.0.0","language":"en","enabled_languages":["es","en"],"languages":{"es":{"title":true,"content":true,"excerpt":false},"en":{"title":false,"content":false,"excerpt":false}}},"acf":[],"_links":{"self":[{"href":"https:\/\/lindaorganica.com\/en\/wp-json\/wp\/v2\/pages\/683","targetHints":{"allow":["GET"]}}],"collection":[{"href":"https:\/\/lindaorganica.com\/en\/wp-json\/wp\/v2\/pages"}],"about":[{"href":"https:\/\/lindaorganica.com\/en\/wp-json\/wp\/v2\/types\/page"}],"author":[{"embeddable":true,"href":"https:\/\/lindaorganica.com\/en\/wp-json\/wp\/v2\/users\/1"}],"replies":[{"embeddable":true,"href":"https:\/\/lindaorganica.com\/en\/wp-json\/wp\/v2\/comments?post=683"}],"version-history":[{"count":9,"href":"https:\/\/lindaorganica.com\/en\/wp-json\/wp\/v2\/pages\/683\/revisions"}],"predecessor-version":[{"id":931,"href":"https:\/\/lindaorganica.com\/en\/wp-json\/wp\/v2\/pages\/683\/revisions\/931"}],"wp:attachment":[{"href":"https:\/\/lindaorganica.com\/en\/wp-json\/wp\/v2\/media?parent=683"}],"curies":[{"name":"wp","href":"https:\/\/api.w.org\/{rel}","templated":true}]}}