{"id":670,"date":"2024-09-24T12:43:39","date_gmt":"2024-09-24T09:43:39","guid":{"rendered":"http:\/\/lindaorganica.com\/?page_id=670"},"modified":"2024-12-01T22:59:54","modified_gmt":"2024-12-01T19:59:54","slug":"where-to-buy","status":"publish","type":"page","link":"https:\/\/lindaorganica.com\/en\/delivery-2\/where-to-buy\/","title":{"rendered":"Tiendas"},"content":{"rendered":"<h2>SUPERMERCADOS Y FARMACIAS<\/h2>\n\n\n<div class=\"wp-block-columns is-layout-flex wp-container-core-columns-is-layout-9d6595d7 wp-block-columns-is-layout-flex\">\n<div class=\"wp-block-column is-layout-flow wp-block-column-is-layout-flow\" style=\"flex-basis:100%\">\n<div class=\"wp-block-group alignfull\"><div class=\"wp-block-group__inner-container is-layout-constrained wp-block-group-is-layout-constrained\">\n<figure class=\"wp-block-table alignfull is-style-regular\"><table><tbody><tr><td class=\"has-text-align-left\" data-align=\"left\"><img loading=\"lazy\" decoding=\"async\" width=\"150\" height=\"53\" class=\"wp-image-738\" style=\"width: 150px;\" src=\"http:\/\/lindaorganica.com\/wp-content\/uploads\/2024\/10\/image1.png\" alt=\"\"><\/td><td><img loading=\"lazy\" decoding=\"async\" width=\"150\" height=\"101\" class=\"wp-image-739\" style=\"width: 150px;\" src=\"http:\/\/lindaorganica.com\/wp-content\/uploads\/2024\/10\/image2.png\" alt=\"\"><\/td><td><img loading=\"lazy\" decoding=\"async\" width=\"150\" height=\"149\" class=\"wp-image-740\" style=\"width: 150px;\" src=\"http:\/\/lindaorganica.com\/wp-content\/uploads\/2024\/10\/image5.png\" alt=\"\" srcset=\"https:\/\/lindaorganica.com\/wp-content\/uploads\/2024\/10\/image5.png 307w, https:\/\/lindaorganica.com\/wp-content\/uploads\/2024\/10\/image5-300x297.png 300w, https:\/\/lindaorganica.com\/wp-content\/uploads\/2024\/10\/image5-150x150.png 150w, https:\/\/lindaorganica.com\/wp-content\/uploads\/2024\/10\/image5-100x100.png 100w\" sizes=\"auto, (max-width: 150px) 100vw, 150px\" \/><\/td><td><img loading=\"lazy\" decoding=\"async\" width=\"150\" height=\"110\" class=\"wp-image-742\" style=\"width: 150px;\" src=\"http:\/\/lindaorganica.com\/wp-content\/uploads\/2024\/10\/image3.png\" alt=\"\"><\/td><td><img loading=\"lazy\" decoding=\"async\" width=\"150\" height=\"135\" class=\"wp-image-741\" style=\"width: 150px;\" src=\"http:\/\/lindaorganica.com\/wp-content\/uploads\/2024\/10\/image4.png\" alt=\"\"><\/td><\/tr><tr><td class=\"has-text-align-left\" data-align=\"left\">COCO DEL MAR Calle 79 Este, Edif. Le Mare (diagonal a la Iglesia San Francisco de La Caleta).local_phone Tel\u00e9fonos: 270-2970 \/ 6730-6679store Lunes a s\u00e1bado de 7:00 am a 8:30 pm. Domingos y feriados de 9:00 am a 5:00 pm.<\/td><td>Las Acacias<br>Urb. Altos de las Acacias, calle Domingo D\u00edaz, Edificio Plaza Xtra<br>Horario de lunes a domingo<br>24 horas<\/td><td>Riba Smith Costa del Este<br>Urbanizaci\u00f3n y calle 1ra, Av Marina del Nte, Panam\u00e1<\/td><td>SUPER CARNE ALBROOK Plaza Pancanal, \u00c1reas revertidas<br>Horario:<br>Lun a Sab: 8:00am \u2013 8:00pm<br>Domingos: 8:00am \u2013 5:00pm<\/td><td>Super Kosher Calle Ramon H. Jurado, Paitilla, Panam\u00e1<br>Horario de apertura:<br>Domingo 9:00am \u2013 8:00pm<br>Lunes a Jueves 8:00am \u2013 8:30pm<br>Viernes 7:30am \u2013 4:30pm<br>Sabado Cerrado<\/td><\/tr><tr><td class=\"has-text-align-left\" data-align=\"left\">CLAYTON La Plaza, Ciudad del Saber. e Tel\u00e9fonos: 317-0017 \/ 6679-295store Lunes a s\u00e1bado de 7:30 am a 7:30 pm. Domingos y feriados de 9:00 am a 5:00 pm<\/td><td>Brisas del Golf<br>Plaza Brisas capital del este<br>Horario:<br>24 Horas<\/td><td><\/td><td><\/td><td><\/td><\/tr><tr><td class=\"has-text-align-left\" data-align=\"left\">EL DORADO Boulevard El Dorado, Plaza Acuarela. Tel\u00e9fonos: 236-3181 \/ 6677-1600 Lunes a s\u00e1bado de 7:00 am a 8:30 pm. Domingos y feriados de 9:00 am a 5:00 pm.<\/td><td>Chanis<br>La Fontana, Panam\u00e1, Plaza Agora<br>Horario de lunes a s\u00e1bado:<br>6:00 am \u2013 11:00 pm<br>Horario de domingo:<br>6:00 am \u2013 9:00 pm<\/td><td><\/td><td><\/td><td><\/td><\/tr><tr><td class=\"has-text-align-left\" data-align=\"left\">COSTA DEL ESTE Avenida Costa del Mar, calle La Antigua. C.C. Corner at Costa Del Este. 397-5029 \/ 6349-6370store Lunes a s\u00e1bado de 7:00 am a 8:30 pm. Domingos y feriados de 9:00 am a 5:00 pm.<\/td><td>Condado del Rey<br>Ave. Ricardo J. Alfaro, Centro comercial King\u00b4s Park, Edificio Xtra<br>Horario de lunes a s\u00e1bado:<br>6:00 am \u2013 10:00 pm<br>Horario de domingo:<br>6:00 am \u2013 9:00 pm<\/td><td><\/td><td><\/td><td><\/td><\/tr><tr><td class=\"has-text-align-left\" data-align=\"left\">MULTIPLAZA MALL Segundo nivel. Local CSC-02. (frente al \u00e1rea bancaria o de servicios). Calle V\u00eda Israel. Urbanizaci\u00f3n Punta Pac\u00edfica Tel\u00e9fonos: 385-3600 \/ 6349-0976 Lunes a s\u00e1bado de 9:00 am a 8:00 pm. Domingos y feriados de 11:00 am a 7:00 pm<\/td><td>El Lago<br>Las Cumbres, V\u00eda Panam\u00e1 Norte con Blvrd. El Lago, Plaza del Lago<br>Horario de lunes a s\u00e1bado:<br>6:00 am \u2013 10:00 pm<br>Horario de domingo:<br>6:00 am \u2013 9:00 pm<\/td><td><\/td><td><\/td><td><\/td><\/tr><tr><td class=\"has-text-align-left\" data-align=\"left\">Metromall Ave. Domingo D\u00edaz, Metromall, Tercer Nivel diagonal a Stevens.local_phone Tel\u00e9fonos: 307-0081 \/ 6982-8610store Lunes a s\u00e1bado de 10:00 am a 8:00 pm. Domingos y feriados de 11:00 am a 7:00 pm<\/td><td>La Marquesa<br>Arraij\u00e1n v\u00eda Chapala, Plaza La Marquesa<br>Horario de lunes a s\u00e1bado:<br>6:00 am \u2013 10:00 pm<br>Horario de domingo:<br>6:00 am \u2013 9:00 pm<\/td><td><\/td><td><\/td><td><\/td><\/tr><tr><td class=\"has-text-align-left\" data-align=\"left\">SANTA MAR\u00cdA:<br>Santa Mar\u00eda Village Center. Local 3 C. Boulevard Y Avenida Central. Urbanizaci\u00f3n Santa Maria Golf &amp; Country Club.: 200-9364 \/ 6982-8660store Lunes a s\u00e1bado de 7:00 am a 8:30 pm. Domingos y feriados de 9:00 am a 5:00 pm<\/td><td>Monterrico<br>Centro Comercial Monterrico, 24 de DiciembreHorario: 24 horas<\/td><td><\/td><td><\/td><td><\/td><\/tr><tr><td class=\"has-text-align-left\" data-align=\"left\"><\/td><td>V\u00eda Israel San Francisco, V\u00eda Israel, Edificio Plaza City Point, a un costado de Elmec<br>Horario de lunes a s\u00e1bado:<br>6:00 am \u2013 10:00 pm<br>Horario de domingo:<br>6:00 am \u2013 9:00 pm<\/td><td><\/td><td><\/td><td><\/td><\/tr><tr><td class=\"has-text-align-left\" data-align=\"left\"><\/td><td>Albrook Mall, pasillo de la Orca, local 325<br>Horario de lunes a s\u00e1bado:<br>6:00 am \u2013 10:00 pm<br>Horario de domingo:<br>6:00 am \u2013 9:00 pm<\/td><td><\/td><td><\/td><td><\/td><\/tr><tr><td class=\"has-text-align-left\" data-align=\"left\"><\/td><td>Trans\u00edstmica<br>Edificio PH Nyso, Ave. Sim\u00f3n Bol\u00edvar (Trans\u00edstmica)<br>Tel\u00e9fono: 290-8733<br>Horario de lunes a s\u00e1bado:<br>6:00 am \u2013 10:00 pm<br>Horario de domingo:<br>6:00 am \u2013 9:00 pm<\/td><td><\/td><td><\/td><td><\/td><\/tr><\/tbody><\/table><\/figure>\n<\/div><\/div>\n\n\n\n<div class=\"wp-block-group\"><div class=\"wp-block-group__inner-container is-layout-constrained wp-block-group-is-layout-constrained\">\n<div class=\"wp-block-columns is-layout-flex wp-container-core-columns-is-layout-9d6595d7 wp-block-columns-is-layout-flex\">\n<div class=\"wp-block-column is-layout-flow wp-block-column-is-layout-flow\" style=\"flex-basis:100%\"><\/div>\n<\/div>\n<\/div><\/div>\n<\/div>\n<\/div>\n","protected":false},"excerpt":{"rendered":"<p>COCO DEL MAR Calle 79 Este, Edif. Le Mare (diagonal a la Iglesia San Francisco de La Caleta).local_phone Tel\u00e9fonos: 270-2970 \/ 6730-6679store Lunes a s\u00e1bado&#8230;<\/p>\n","protected":false},"author":1,"featured_media":0,"parent":667,"menu_order":0,"comment_status":"closed","ping_status":"closed","template":"","meta":{"footnotes":""},"class_list":["post-670","page","type-page","status-publish","hentry"],"translation":{"provider":"WPGlobus","version":"3.0.0","language":"en","enabled_languages":["es","en"],"languages":{"es":{"title":true,"content":true,"excerpt":false},"en":{"title":false,"content":false,"excerpt":false}}},"acf":[],"_links":{"self":[{"href":"https:\/\/lindaorganica.com\/en\/wp-json\/wp\/v2\/pages\/670","targetHints":{"allow":["GET"]}}],"collection":[{"href":"https:\/\/lindaorganica.com\/en\/wp-json\/wp\/v2\/pages"}],"about":[{"href":"https:\/\/lindaorganica.com\/en\/wp-json\/wp\/v2\/types\/page"}],"author":[{"embeddable":true,"href":"https:\/\/lindaorganica.com\/en\/wp-json\/wp\/v2\/users\/1"}],"replies":[{"embeddable":true,"href":"https:\/\/lindaorganica.com\/en\/wp-json\/wp\/v2\/comments?post=670"}],"version-history":[{"count":6,"href":"https:\/\/lindaorganica.com\/en\/wp-json\/wp\/v2\/pages\/670\/revisions"}],"predecessor-version":[{"id":928,"href":"https:\/\/lindaorganica.com\/en\/wp-json\/wp\/v2\/pages\/670\/revisions\/928"}],"up":[{"embeddable":true,"href":"https:\/\/lindaorganica.com\/en\/wp-json\/wp\/v2\/pages\/667"}],"wp:attachment":[{"href":"https:\/\/lindaorganica.com\/en\/wp-json\/wp\/v2\/media?parent=670"}],"curies":[{"name":"wp","href":"https:\/\/api.w.org\/{rel}","templated":true}]}}