{"id":667,"date":"2024-09-24T11:56:36","date_gmt":"2024-09-24T08:56:36","guid":{"rendered":"http:\/\/lindaorganica.com\/?page_id=667"},"modified":"2024-12-07T17:55:05","modified_gmt":"2024-12-07T14:55:05","slug":"delivery-2","status":"publish","type":"page","link":"https:\/\/lindaorganica.com\/en\/delivery-2\/","title":{"rendered":"Delivery"},"content":{"rendered":"\n\n\n\n<p>Los tiempos de entrega inician a partir del dia de retiro de los paquetes. Los tiempos de entrega dependen de la calidad de la informacion recibida. Aplican excepciones dehida al clima, direcciones y\/o telefonas increctas<\/p>\n\n\n\n<p>Realizamos entregas los dias Sabados sin embargo los dias habiles se toman en cuenta de Lunes a Viernes.PRINCIPALES: 24-48 horas h\u00e1biles. SECUNDARIAS: 24-72 horas h\u00e1biles. DIF\u00cdCIL ACCESO: 24-96 horas h\u00e1biles<\/p>\n\n\n\n<figure class=\"wp-block-table\"><table><tbody><tr><td class=\"has-text-align-left\" data-align=\"left\" colspan=\"4\"><strong>PLAZOS DE ENTREGA DENTRO CIUDAD DE PANAM\u00c1<\/strong><\/td><td colspan=\"3\"><strong>ZONAS INTERIORES<\/strong><\/td><\/tr><tr><td class=\"has-text-align-left\" data-align=\"left\">Zona 1 \u2013 24 horas<\/td><td>Zona 2 \u2013 24 horas<\/td><td>ZONA 3 \u2013 48 horas<\/td><td>ZONA \u2013 48 horas<\/td><td>CIUDADES PRINCIPALES 48 HORAS<\/td><td>CIUDADES SECUNDARIAS 72 HORAS<\/td><td>DIF\u00cdCIL ACCESO 96 HORAS<\/td><\/tr><tr><td class=\"has-text-align-left\" data-align=\"left\">12 DE OCTUBRE<\/td><td>AMADOR<\/td><td>VERSALLES<\/td><td>24 DE DICIEMBRE<\/td><td>NGUADULCE<\/td><td>BUGAVA<\/td><td>BOCAS DEL TORO<\/td><\/tr><tr><td class=\"has-text-align-left\" data-align=\"left\">AEROPUERTO ALBROOK<\/td><td>BRISAS DEL GOLF<\/td><td>CIUDAD RADIAL<\/td><td>AEROPUERTO DE CARGA<\/td><td>ARRALAN<\/td><td>CHAME<\/td><td>CASAZAS<\/td><\/tr><tr><td class=\"has-text-align-left\" data-align=\"left\">ALBROOK<\/td><td>C.C. LOS ANDES<\/td><td>AEROPUERTO TOCUMEN<\/td><td>CERRO PATACON<\/td><td>BOQUETE<\/td><td>NATA<\/td><td>CHIRIQUE GRANDE<\/td><\/tr><tr><td class=\"has-text-align-left\" data-align=\"left\">ALTOS DEL CHASE<\/td><td>CARDENAS<\/td><td>ALCALDE DIAZ<\/td><td>CIUDAD BOLIVAR<\/td><td>ARRALAN<\/td><td>OCU<\/td><td>TIEMPOS DE ENTREGA<\/td><\/tr><tr><td class=\"has-text-align-left\" data-align=\"left\">ALBROOK<\/td><td>C.C. LOS ANDES<\/td><td>AEROPUERTO TOCUMEN<\/td><td>CERRO PATACON<\/td><td>CHEPD<\/td><td>REDASI<\/td><\/tr><tr><td class=\"has-text-align-left\" data-align=\"left\">ALTOS DEL GOLF<\/td><td>CAUSEWAY ISLA NAOS<\/td><td>CAUSEWAY ISLA FLAMENCO<\/td><td>MARANITAS<\/td><td>BOQUETE<\/td><td>PUNTA CHAME<\/td><\/tr><tr><td class=\"has-text-align-left\" data-align=\"left\">ALTOS DEL CHASE<\/td><td>CARDENAS<\/td><td>ALCALDE DIAZ<\/td><td>CHILIBRE<\/td><td>REDASI<\/td><\/tr><tr><td class=\"has-text-align-left\" data-align=\"left\">ANCON<\/td><td>CAUSEWAY ISLA<\/td><td>CONCEPCION<\/td><td>CHEPD<\/td><td>VOLCAN<\/td><\/tr><tr><td class=\"has-text-align-left\" data-align=\"left\">ALTOS DEL GOLF<\/td><td>CAUSEWAY ISLA NAOS<\/td><td>CAUSEWAY ISLA FLAMENCO<\/td><td>CHORRERA<\/td><\/tr><tr><td class=\"has-text-align-left\" data-align=\"left\">\u00c1REA BANCARIA<\/td><td>PERICO<\/td><td>DON BOSCO<\/td><td>CHILIBRE<\/td><\/tr><tr><td class=\"has-text-align-left\" data-align=\"left\">AVE BALBOA<\/td><td>CERRO VIENTO<\/td><td>LA CABIMA<\/td><td>COLON<\/td><\/tr><tr><td class=\"has-text-align-left\" data-align=\"left\">AVE CUBA<\/td><td>CLAYTON<\/td><td>LA RIVIERA<\/td><td>CHORRERA<\/td><\/tr><tr><td class=\"has-text-align-left\" data-align=\"left\">AVE FEDERICO BOYD<\/td><td>CONDADO DEL REY<\/td><td>DON BOSCO<\/td><td>CORONADO<\/td><\/tr><tr><td class=\"has-text-align-left\" data-align=\"left\">HATO PINTADO<\/td><td>EL BOSQUE<\/td><td>LAS CUMBRES<\/td><td>COLON<\/td><\/tr><tr><td class=\"has-text-align-left\" data-align=\"left\">JARD\u00cdN OL\u00cdMPICO<\/td><td>EL CRISOL<\/td><td>MILLA OCHO<\/td><td>DAVID<\/td><\/tr><tr><td class=\"has-text-align-left\" data-align=\"left\">LA ALAMEDA<\/td><td>GRAN ESTACION<\/td><td>OJO DE AGUA<\/td><td>GAMBDA<\/td><\/tr><tr><td class=\"has-text-align-left\" data-align=\"left\">LA CRESTA<\/td><td>JUAN DIAZ<\/td><td>PARA\u00cdSO \u00c1REAS REVERTIDAS<\/td><td>GORGONA<\/td><\/tr><tr><td class=\"has-text-align-left\" data-align=\"left\">LA LOCERIA<\/td><td>LA BOCA<\/td><td>VIA CENTENARIO ROD CAREW<\/td><td>LAS TABLAS<\/td><\/tr><tr><td class=\"has-text-align-left\" data-align=\"left\">LA LOMA<\/td><td>LAS ACACIAS<\/td><td>PEDREGAL<\/td><td>PACORA<\/td><\/tr><tr><td class=\"has-text-align-left\" data-align=\"left\">LAS SABANAS<\/td><td>LLANO BONITO<\/td><td>VIA CENTENARIO AREA INDUSTRIAL<\/td><td>PENONOME<\/td><\/tr><tr><td class=\"has-text-align-left\" data-align=\"left\">LLANOS DE CURUNDU<\/td><td>LOS ANDES 1<\/td><td>VILLA ZAITA<\/td><td>PUNTA BARCO<\/td><\/tr><tr><td class=\"has-text-align-left\" data-align=\"left\">LOS ANGELES<\/td><td>LOS ANDES 2<\/td><td>PLAZA TOCUMEN<\/td><td>GORGONA<\/td><\/tr><tr><td class=\"has-text-align-left\" data-align=\"left\">MARBELLA<\/td><td>LOS PUEBLOS<\/td><td>SANTA LIBRADA<\/td><td>NO HATO<\/td><\/tr><tr><td class=\"has-text-align-left\" data-align=\"left\">AVE JUSTO AROSEMENA<\/td><td>LOS RIOS<\/td><td>SAN CARLOS<\/td><\/tr><tr><td class=\"has-text-align-left\" data-align=\"left\">MONTE OSCURO<\/td><td>LOS RIOS<\/td><td>SANTIAGO<\/td><\/tr><tr><td class=\"has-text-align-left\" data-align=\"left\">AVE PER\u00da<\/td><td>PANAMA PORTS<\/td><td>ARIAS<\/td><\/tr><tr><td class=\"has-text-align-left\" data-align=\"left\">OBARRIO<\/td><td>PARAISO SAN<\/td><\/tr><tr><td class=\"has-text-align-left\" data-align=\"left\">AVE SAMUEL LEWIS<\/td><td>MIGUELITO<\/td><\/tr><tr><td class=\"has-text-align-left\" data-align=\"left\">PAITILLA<\/td><td>SAN ANTON\u0399\u039f<\/td><\/tr><tr><td class=\"has-text-align-left\" data-align=\"left\">BALBOA ANCON<\/td><td>SAN CRISTOBAL<\/td><\/tr><tr><td class=\"has-text-align-left\" data-align=\"left\">CIUDAD DE PANAM\u00c1<\/td><td>SAN MIGUELITO<\/td><\/tr><tr><td class=\"has-text-align-left\" data-align=\"left\">BELLAVISTA<\/td><td>SAN PEDRO<\/td><\/tr><tr><td class=\"has-text-align-left\" data-align=\"left\">CALIDONIA<\/td><td>VERANILLO<\/td><\/tr><tr><td class=\"has-text-align-left\" data-align=\"left\">CALLE MIGUEL BROSTELLA<\/td><td>SAN PEDRO<\/td><\/tr><tr><td class=\"has-text-align-left\" data-align=\"left\">CAMPO LINDBERG<\/td><td>VILLA GUADALUPE<\/td><\/tr><tr><td class=\"has-text-align-left\" data-align=\"left\">CARRASQUILLA<\/td><td>VILLA LUCRE<\/td><\/tr><tr><td class=\"has-text-align-left\" data-align=\"left\">CAMPO LINDBERG<\/td><\/tr><tr><td class=\"has-text-align-left\" data-align=\"left\">CARRASQUILLA<\/td><\/tr><tr><td class=\"has-text-align-left\" data-align=\"left\">CERRO ANCON<\/td><\/tr><tr><td class=\"has-text-align-left\" data-align=\"left\">CHANIS<\/td><\/tr><tr><td class=\"has-text-align-left\" data-align=\"left\">COCO DEL MAR<\/td><\/tr><tr><td class=\"has-text-align-left\" data-align=\"left\">COROZAL<\/td><\/tr><tr><td class=\"has-text-align-left\" data-align=\"left\">COSTA DEL ESTE<\/td><\/tr><tr><td class=\"has-text-align-left\" data-align=\"left\">DOMO UNIVERSIDAD<\/td><\/tr><tr><td class=\"has-text-align-left\" data-align=\"left\">DOS MARES<\/td><\/tr><tr><td class=\"has-text-align-left\" data-align=\"left\">EL CANGREJO<\/td><\/tr><tr><td class=\"has-text-align-left\" data-align=\"left\">EL CARMEN<\/td><\/tr><tr><td class=\"has-text-align-left\" data-align=\"left\">EL DORADO<\/td><\/tr><tr><td class=\"has-text-align-left\" data-align=\"left\">EL HIPODROMO<\/td><\/tr><tr><td class=\"has-text-align-left\" data-align=\"left\">PANAMA VIEJO<\/td><\/tr><tr><td class=\"has-text-align-left\" data-align=\"left\">PARQUE LEFEVRE<\/td><\/tr><tr><td class=\"has-text-align-left\" data-align=\"left\">PEREJIL<\/td><\/tr><tr><td class=\"has-text-align-left\" data-align=\"left\">PLAZA CAROLINA<\/td><\/tr><tr><td class=\"has-text-align-left\" data-align=\"left\">PUEBLO NUEVO<\/td><\/tr><tr><td class=\"has-text-align-left\" data-align=\"left\">PUNTA PACIFICA<\/td><\/tr><tr><td class=\"has-text-align-left\" data-align=\"left\">PLAZA CAROLINA<\/td><\/tr><tr><td class=\"has-text-align-left\" data-align=\"left\">ALTURAS DE LA CANTERA<\/td><\/tr><tr><td class=\"has-text-align-left\" data-align=\"left\">RIO ABAJO<\/td><\/tr><tr><td class=\"has-text-align-left\" data-align=\"left\">SAN FELIPE CASCO VIEJO<\/td><\/tr><tr><td class=\"has-text-align-left\" data-align=\"left\">SAN FRANCISCO<\/td><\/tr><tr><td class=\"has-text-align-left\" data-align=\"left\">SANTA ANA<\/td><\/tr><tr><td class=\"has-text-align-left\" data-align=\"left\">SANTA MARIA<\/td><\/tr><tr><td class=\"has-text-align-left\" data-align=\"left\">V\u00cdA PORRAS<\/td><\/tr><tr><td class=\"has-text-align-left\" data-align=\"left\">VILLA CACERES<\/td><\/tr><tr><td class=\"has-text-align-left\" data-align=\"left\">VILLA DE LAS FUENTES 1Y2<\/td><\/tr><tr><td class=\"has-text-align-left\" data-align=\"left\">VILLA LORENA<\/td><\/tr><tr><td class=\"has-text-align-left\" data-align=\"left\">VILLA RICA<\/td><\/tr><tr><td class=\"has-text-align-left\" data-align=\"left\">VILLA DE LAS FUENTES 1Y2<\/td><\/tr><tr><td class=\"has-text-align-left\" data-align=\"left\">VISTA HERMOSA<\/td><\/tr><\/tbody><\/table><\/figure>\n","protected":false},"excerpt":{"rendered":"<p>Los tiempos de entrega inician a partir del dia de retiro de los paquetes. Los tiempos de entrega dependen de la calidad de la informacion&#8230;<\/p>\n","protected":false},"author":1,"featured_media":0,"parent":0,"menu_order":0,"comment_status":"closed","ping_status":"closed","template":"","meta":{"footnotes":""},"class_list":["post-667","page","type-page","status-publish","hentry"],"translation":{"provider":"WPGlobus","version":"3.0.0","language":"en","enabled_languages":["es","en"],"languages":{"es":{"title":true,"content":true,"excerpt":false},"en":{"title":false,"content":false,"excerpt":false}}},"acf":[],"_links":{"self":[{"href":"https:\/\/lindaorganica.com\/en\/wp-json\/wp\/v2\/pages\/667","targetHints":{"allow":["GET"]}}],"collection":[{"href":"https:\/\/lindaorganica.com\/en\/wp-json\/wp\/v2\/pages"}],"about":[{"href":"https:\/\/lindaorganica.com\/en\/wp-json\/wp\/v2\/types\/page"}],"author":[{"embeddable":true,"href":"https:\/\/lindaorganica.com\/en\/wp-json\/wp\/v2\/users\/1"}],"replies":[{"embeddable":true,"href":"https:\/\/lindaorganica.com\/en\/wp-json\/wp\/v2\/comments?post=667"}],"version-history":[{"count":14,"href":"https:\/\/lindaorganica.com\/en\/wp-json\/wp\/v2\/pages\/667\/revisions"}],"predecessor-version":[{"id":985,"href":"https:\/\/lindaorganica.com\/en\/wp-json\/wp\/v2\/pages\/667\/revisions\/985"}],"wp:attachment":[{"href":"https:\/\/lindaorganica.com\/en\/wp-json\/wp\/v2\/media?parent=667"}],"curies":[{"name":"wp","href":"https:\/\/api.w.org\/{rel}","templated":true}]}}